{"id":1868,"date":"2024-07-09T13:58:40","date_gmt":"2024-07-09T11:58:40","guid":{"rendered":"https:\/\/www.beco-bermueller.de\/?page_id=1868"},"modified":"2025-09-30T16:17:48","modified_gmt":"2025-09-30T14:17:48","slug":"jobs-karriere","status":"publish","type":"page","link":"https:\/\/www.beco-bermueller.de\/at\/unternehmen\/jobs-karriere\/","title":{"rendered":"Jobs &amp; Karriere"},"content":{"rendered":"<p>[et_pb_section fb_built=&#8220;1&#8243; custom_padding_last_edited=&#8220;off|desktop&#8220; admin_label=&#8220;section&#8220; _builder_version=&#8220;4.27.4&#8243; custom_padding=&#8220;0px||20px||false|false&#8220; custom_padding_phone=&#8220;0px||20px||false|false&#8220; hover_enabled=&#8220;0&#8243; global_colors_info=&#8220;{}&#8220; sticky_enabled=&#8220;0&#8243;][et_pb_row column_structure=&#8220;1_2,1_2&#8243; custom_padding_last_edited=&#8220;on|phone&#8220; _builder_version=&#8220;4.24.3&#8243; _module_preset=&#8220;default&#8220; width=&#8220;100%&#8220; max_width=&#8220;1440px&#8220; custom_padding=&#8220;|60px||60px|false|false&#8220; custom_padding_tablet=&#8220;|60px||60px|false|false&#8220; custom_padding_phone=&#8220;|30px||30px|false|false&#8220; global_colors_info=&#8220;{}&#8220;][et_pb_column type=&#8220;1_2&#8243; _builder_version=&#8220;4.24.3&#8243; _module_preset=&#8220;default&#8220; global_colors_info=&#8220;{}&#8220;][et_pb_heading title=&#8220;Jobs &#038; Karriere&#8220; title_tablet=&#8220;TERRAMESH Steilb\u00f6schungssysteme&#8220; title_phone=&#8220;TERRAMESH Steilb\u00f6schungs-systeme&#8220; title_last_edited=&#8220;off|desktop&#8220; _builder_version=&#8220;4.24.3&#8243; _module_preset=&#8220;default&#8220; title_font=&#8220;Simplon Light||||||||&#8220; title_font_size=&#8220;60px&#8220; title_letter_spacing=&#8220;0.3px&#8220; title_line_height=&#8220;1.1em&#8220; custom_margin=&#8220;||30px||false|false&#8220; custom_margin_tablet=&#8220;||10px||false|false&#8220; custom_margin_phone=&#8220;||10px||false|false&#8220; custom_margin_last_edited=&#8220;on|phone&#8220; title_font_size_tablet=&#8220;60px&#8220; title_font_size_phone=&#8220;40px&#8220; title_font_size_last_edited=&#8220;on|phone&#8220; custom_css_main_element=&#8220;word-break: break-word&#8220; global_colors_info=&#8220;{}&#8220; custom_css_main_element_last_edited=&#8220;on|desktop&#8220; custom_css_main_element_tablet=&#8220;word-break: break-word&#8220; custom_css_main_element_phone=&#8220;word-break: break-word&#8220;][\/et_pb_heading][et_pb_text _builder_version=&#8220;4.24.3&#8243; _module_preset=&#8220;default&#8220; text_text_color=&#8220;#2B2B2A&#8220; text_font_size=&#8220;17px&#8220; text_letter_spacing=&#8220;0.3px&#8220; global_colors_info=&#8220;{}&#8220;]<\/p>\n<p><span>Sie sind Berufseinsteiger, Student oder bringen bereits Erfahrung mit? Dann sind Sie bei BECO BERM\u00dcLLER genau richtig. Wenn Sie Teil unseres sympathischen Teams werden m\u00f6chten und die famili\u00e4re Atmosph\u00e4re eines erfolgreichen Mittelst\u00e4ndlers suchen, dann freuen wir uns darauf, Sie kennenzulernen.<\/span><\/p>\n<p>Unser Unternehmen zeichnet sich durch ein freundschaftliches Betriebsklima, flache Hierarchien und Anerkennung f\u00fcr Ihre Leistung aus. Wir bieten sichere Arbeitsbedingungen, leistungsgerechte Verg\u00fctung, attraktive Sozialleistungen und Entwicklungsm\u00f6glichkeiten.<\/p>\n<p>Entdecken Sie unsere aktuellen Stellenangebote auf unserer Webseite. Falls nichts Passendes dabei ist, freuen wir uns auch \u00fcber Ihre Initiativbewerbung. Bitte bewerben Sie sich online und senden Sie uns vollst\u00e4ndige und aussagekr\u00e4ftige Bewerbungsunterlagen zu.<\/p>\n<p>Bei R\u00fcckfragen stehen wir Ihnen zur Verf\u00fcgung. Kontaktdetails der zust\u00e4ndigen Person finden Sie in der Stellenanzeige.<\/p>\n<p>[\/et_pb_text][\/et_pb_column][et_pb_column type=&#8220;1_2&#8243; _builder_version=&#8220;4.24.3&#8243; _module_preset=&#8220;default&#8220; custom_padding=&#8220;||||false|false&#8220; global_colors_info=&#8220;{}&#8220;][et_pb_image src=&#8220;https:\/\/www.beco-bermueller.de\/wp-content\/uploads\/2024\/07\/Unternehmen-Karriere-e1720526724128.webp&#8220; alt=&#8220;Unternehmen Karriere&#8220; title_text=&#8220;Unternehmen Karriere&#8220; module_class=&#8220;gruener-bildstreifen&#8220; _builder_version=&#8220;4.24.3&#8243; _module_preset=&#8220;default&#8220; max_height_tablet=&#8220;&#8220; max_height_phone=&#8220;&#8220; max_height_last_edited=&#8220;on|tablet&#8220; custom_margin=&#8220;||||false|false&#8220; custom_margin_tablet=&#8220;||||false|false&#8220; custom_margin_phone=&#8220;|-30px||-30px|false|false&#8220; custom_margin_last_edited=&#8220;on|phone&#8220; custom_padding=&#8220;0px|0px|0px|0px|false|false&#8220; global_colors_info=&#8220;{}&#8220;][\/et_pb_image][\/et_pb_column][\/et_pb_row][\/et_pb_section][et_pb_section fb_built=&#8220;1&#8243; custom_padding_last_edited=&#8220;on|phone&#8220; admin_label=&#8220;section&#8220; _builder_version=&#8220;4.24.3&#8243; background_color=&#8220;#f8f8f8&#8243; custom_margin=&#8220;||||false|false&#8220; custom_padding=&#8220;20px||||false|false&#8220; custom_padding_tablet=&#8220;20px||0px||false|false&#8220; custom_padding_phone=&#8220;0px||0px||false|false&#8220; global_colors_info=&#8220;{}&#8220;][et_pb_row custom_padding_last_edited=&#8220;on|tablet&#8220; _builder_version=&#8220;4.24.3&#8243; _module_preset=&#8220;default&#8220; width=&#8220;100%&#8220; max_width=&#8220;1440px&#8220; custom_margin=&#8220;||||false|false&#8220; custom_padding=&#8220;|60px||60px|false|true&#8220; custom_padding_tablet=&#8220;|60px|0px|60px|false|true&#8220; custom_padding_phone=&#8220;|30px|0px|30px|false|true&#8220; global_colors_info=&#8220;{}&#8220;][et_pb_column type=&#8220;4_4&#8243; _builder_version=&#8220;4.24.3&#8243; _module_preset=&#8220;default&#8220; custom_padding=&#8220;||||false|false&#8220; global_colors_info=&#8220;{}&#8220;][et_pb_heading title=&#8220;Jobs &#038; Karriere&#8220; _builder_version=&#8220;4.24.3&#8243; _module_preset=&#8220;default&#8220; title_level=&#8220;h2&#8243; title_font=&#8220;Simplon Light||||||||&#8220; title_text_color=&#8220;#00a286&#8243; title_font_size=&#8220;40px&#8220; title_line_height=&#8220;1.5em&#8220; custom_margin=&#8220;||0px||false|false&#8220; custom_padding=&#8220;||0px||false|false&#8220; title_font_size_tablet=&#8220;40px&#8220; title_font_size_phone=&#8220;30px&#8220; title_font_size_last_edited=&#8220;on|phone&#8220; global_colors_info=&#8220;{}&#8220;][\/et_pb_heading][\/et_pb_column][\/et_pb_row][et_pb_row custom_padding_last_edited=&#8220;on|phone&#8220; _builder_version=&#8220;4.24.3&#8243; _module_preset=&#8220;default&#8220; width=&#8220;100%&#8220; max_width=&#8220;1440px&#8220; custom_padding=&#8220;0px|60px||60px|false|true&#8220; custom_padding_tablet=&#8220;|60px||60px|false|true&#8220; custom_padding_phone=&#8220;|30px||30px|false|true&#8220; global_colors_info=&#8220;{}&#8220;][et_pb_column type=&#8220;4_4&#8243; _builder_version=&#8220;4.24.3&#8243; _module_preset=&#8220;default&#8220; global_colors_info=&#8220;{}&#8220;][et_pb_blog include_categories=&#8220;61&#8243; meta_date=&#8220;j.m.Y&#8220; show_thumbnail=&#8220;off&#8220; show_more=&#8220;on&#8220; show_author=&#8220;off&#8220; show_date=&#8220;off&#8220; show_categories=&#8220;off&#8220; show_pagination=&#8220;off&#8220; _builder_version=&#8220;4.24.3&#8243; _module_preset=&#8220;default&#8220; header_level=&#8220;h3&#8243; header_font=&#8220;Simplon Medium||||||||&#8220; header_font_size=&#8220;22px&#8220; header_letter_spacing=&#8220;0.3px&#8220; body_font=&#8220;Simplon Regular||||||||&#8220; body_font_size=&#8220;17px&#8220; body_letter_spacing=&#8220;0.3px&#8220; read_more_font=&#8220;Simplon Bold||||||||&#8220; read_more_font_size=&#8220;17px&#8220; read_more_letter_spacing=&#8220;0.3px&#8220; custom_css_free_form=&#8220;.et_pb_post {||    background-color: #fff; \/* Hintergrundfarbe wei\u00df *\/||    padding-top: 40px;||  padding-bottom: 40px;||  padding-left: 30px;||  padding-right: 30px;||    margin-bottom: 20px; \/* Abstand zwischen den Beitr\u00e4gen *\/||}||||.et_pb_posts a.more-link {||    color: #fff; \/* Wei\u00dfe Textfarbe *\/||    background-color: #00A286; \/* Gr\u00fcner Hintergrund *\/||    width: 120px; \/* Breite des Buttons *\/||    height: 40px; \/* H\u00f6he des Buttons *\/||    display: block; \/* Block-Element, um Breite und H\u00f6he anzuwenden *\/||    text-align: center; \/* Text zentrieren innerhalb des Buttons *\/||    line-height: 40px; \/* Zentriert den Text vertikal *\/||    float: right; \/* Rechtsb\u00fcndige Ausrichtung *\/||  margin-top: -50px;||}||||@media (max-width: 768px) {||    .et_pb_posts a.more-link {||        margin-top: 20px;||      float: none;||    }||}&#8220; global_colors_info=&#8220;{}&#8220;][\/et_pb_blog][\/et_pb_column][\/et_pb_row][\/et_pb_section]<\/p>\n","protected":false},"excerpt":{"rendered":"<p>Sie sind Berufseinsteiger, Student oder bringen bereits Erfahrung mit? Dann sind Sie bei BECO BERM\u00dcLLER genau richtig. Wenn Sie Teil unseres sympathischen Teams werden m\u00f6chten und die famili\u00e4re Atmosph\u00e4re eines erfolgreichen Mittelst\u00e4ndlers suchen, dann freuen wir uns darauf, Sie kennenzulernen. Unser Unternehmen zeichnet sich durch ein freundschaftliches Betriebsklima, flache Hierarchien und Anerkennung f\u00fcr Ihre Leistung [&hellip;]<\/p>\n","protected":false},"author":1,"featured_media":3451,"parent":3441,"menu_order":0,"comment_status":"closed","ping_status":"closed","template":"","meta":{"_et_pb_use_builder":"on","_et_pb_old_content":"","_et_gb_content_width":"","inline_featured_image":false,"footnotes":""},"categories":[60],"tags":[],"class_list":["post-1868","page","type-page","status-publish","has-post-thumbnail","hentry","category-unternehmen"],"yoast_head":"<!-- This site is optimized with the Yoast SEO plugin v27.2 - https:\/\/yoast.com\/product\/yoast-seo-wordpress\/ -->\n<title>Jobs &amp; Karriere - BECO BERM\u00dcLLER<\/title>\n<meta name=\"robots\" content=\"index, follow, max-snippet:-1, max-image-preview:large, max-video-preview:-1\" \/>\n<link rel=\"canonical\" href=\"https:\/\/www.beco-bermueller.de\/at\/unternehmen\/jobs-karriere\/\" \/>\n<meta property=\"og:locale\" content=\"de_DE\" \/>\n<meta property=\"og:type\" content=\"article\" \/>\n<meta property=\"og:title\" content=\"Jobs &amp; Karriere - BECO BERM\u00dcLLER\" \/>\n<meta property=\"og:description\" content=\"Sie sind Berufseinsteiger, Student oder bringen bereits Erfahrung mit? Dann sind Sie bei BECO BERM\u00dcLLER genau richtig. Wenn Sie Teil unseres sympathischen Teams werden m\u00f6chten und die famili\u00e4re Atmosph\u00e4re eines erfolgreichen Mittelst\u00e4ndlers suchen, dann freuen wir uns darauf, Sie kennenzulernen. Unser Unternehmen zeichnet sich durch ein freundschaftliches Betriebsklima, flache Hierarchien und Anerkennung f\u00fcr Ihre Leistung [&hellip;]\" \/>\n<meta property=\"og:url\" content=\"https:\/\/www.beco-bermueller.de\/at\/unternehmen\/jobs-karriere\/\" \/>\n<meta property=\"og:site_name\" content=\"BECO BERM\u00dcLLER\" \/>\n<meta property=\"article:publisher\" content=\"https:\/\/www.facebook.com\/becobermueller\/\" \/>\n<meta property=\"article:modified_time\" content=\"2025-09-30T14:17:48+00:00\" \/>\n<meta property=\"og:image\" content=\"https:\/\/www.beco-bermueller.de\/wp-content\/uploads\/2024\/08\/BECO-Bermueller-Karriere.webp\" \/>\n\t<meta property=\"og:image:width\" content=\"707\" \/>\n\t<meta property=\"og:image:height\" content=\"472\" \/>\n\t<meta property=\"og:image:type\" content=\"image\/webp\" \/>\n<meta name=\"twitter:card\" content=\"summary_large_image\" \/>\n<meta name=\"twitter:label1\" content=\"Gesch\u00e4tzte Lesezeit\" \/>\n\t<meta name=\"twitter:data1\" content=\"2 Minuten\" \/>\n<script type=\"application\/ld+json\" class=\"yoast-schema-graph\">{\"@context\":\"https:\/\/schema.org\",\"@graph\":[{\"@type\":\"WebPage\",\"@id\":\"https:\/\/www.beco-bermueller.de\/unternehmen\/jobs-karriere\/\",\"url\":\"https:\/\/www.beco-bermueller.de\/unternehmen\/jobs-karriere\/\",\"name\":\"Jobs &amp; Karriere - BECO BERM\u00dcLLER\",\"isPartOf\":{\"@id\":\"http:\/\/www.beco-bermueller.de\/en\/#website\"},\"primaryImageOfPage\":{\"@id\":\"https:\/\/www.beco-bermueller.de\/unternehmen\/jobs-karriere\/#primaryimage\"},\"image\":{\"@id\":\"https:\/\/www.beco-bermueller.de\/unternehmen\/jobs-karriere\/#primaryimage\"},\"thumbnailUrl\":\"https:\/\/www.beco-bermueller.de\/wp-content\/uploads\/2024\/08\/BECO-Bermueller-Karriere.webp\",\"datePublished\":\"2024-07-09T11:58:40+00:00\",\"dateModified\":\"2025-09-30T14:17:48+00:00\",\"breadcrumb\":{\"@id\":\"https:\/\/www.beco-bermueller.de\/unternehmen\/jobs-karriere\/#breadcrumb\"},\"inLanguage\":\"de-AT\",\"potentialAction\":[{\"@type\":\"ReadAction\",\"target\":[\"https:\/\/www.beco-bermueller.de\/unternehmen\/jobs-karriere\/\"]}]},{\"@type\":\"ImageObject\",\"inLanguage\":\"de-AT\",\"@id\":\"https:\/\/www.beco-bermueller.de\/unternehmen\/jobs-karriere\/#primaryimage\",\"url\":\"https:\/\/www.beco-bermueller.de\/wp-content\/uploads\/2024\/08\/BECO-Bermueller-Karriere.webp\",\"contentUrl\":\"https:\/\/www.beco-bermueller.de\/wp-content\/uploads\/2024\/08\/BECO-Bermueller-Karriere.webp\",\"width\":707,\"height\":472,\"caption\":\"BECO Berm\u00fcller Karriere\"},{\"@type\":\"BreadcrumbList\",\"@id\":\"https:\/\/www.beco-bermueller.de\/unternehmen\/jobs-karriere\/#breadcrumb\",\"itemListElement\":[{\"@type\":\"ListItem\",\"position\":1,\"name\":\"Startseite\",\"item\":\"https:\/\/www.beco-bermueller.de\/de\/\"},{\"@type\":\"ListItem\",\"position\":2,\"name\":\"Unternehmen\",\"item\":\"https:\/\/www.beco-bermueller.de\/?page_id=3441\"},{\"@type\":\"ListItem\",\"position\":3,\"name\":\"Jobs &amp; Karriere\"}]},{\"@type\":\"WebSite\",\"@id\":\"http:\/\/www.beco-bermueller.de\/en\/#website\",\"url\":\"http:\/\/www.beco-bermueller.de\/en\/\",\"name\":\"Beco Berm\u00fcller\",\"description\":\"\",\"publisher\":{\"@id\":\"http:\/\/www.beco-bermueller.de\/en\/#organization\"},\"potentialAction\":[{\"@type\":\"SearchAction\",\"target\":{\"@type\":\"EntryPoint\",\"urlTemplate\":\"http:\/\/www.beco-bermueller.de\/en\/?s={search_term_string}\"},\"query-input\":{\"@type\":\"PropertyValueSpecification\",\"valueRequired\":true,\"valueName\":\"search_term_string\"}}],\"inLanguage\":\"de-AT\"},{\"@type\":\"Organization\",\"@id\":\"http:\/\/www.beco-bermueller.de\/en\/#organization\",\"name\":\"Beco Berm\u00fcller\",\"url\":\"http:\/\/www.beco-bermueller.de\/en\/\",\"logo\":{\"@type\":\"ImageObject\",\"inLanguage\":\"de-AT\",\"@id\":\"http:\/\/www.beco-bermueller.de\/en\/#\/schema\/logo\/image\/\",\"url\":\"https:\/\/www.beco-bermueller.de\/wp-content\/uploads\/2024\/04\/BECO_BERMUELLER_Logo_RGB.svg\",\"contentUrl\":\"https:\/\/www.beco-bermueller.de\/wp-content\/uploads\/2024\/04\/BECO_BERMUELLER_Logo_RGB.svg\",\"width\":\"1024\",\"height\":\"1024\",\"caption\":\"Beco Berm\u00fcller\"},\"image\":{\"@id\":\"http:\/\/www.beco-bermueller.de\/en\/#\/schema\/logo\/image\/\"},\"sameAs\":[\"https:\/\/www.facebook.com\/becobermueller\/\",\"https:\/\/www.instagram.com\/beco_bermueller\/\"]}]}<\/script>\n<!-- \/ Yoast SEO plugin. -->","yoast_head_json":{"title":"Jobs &amp; Karriere - BECO BERM\u00dcLLER","robots":{"index":"index","follow":"follow","max-snippet":"max-snippet:-1","max-image-preview":"max-image-preview:large","max-video-preview":"max-video-preview:-1"},"canonical":"https:\/\/www.beco-bermueller.de\/at\/unternehmen\/jobs-karriere\/","og_locale":"de_DE","og_type":"article","og_title":"Jobs &amp; Karriere - BECO BERM\u00dcLLER","og_description":"Sie sind Berufseinsteiger, Student oder bringen bereits Erfahrung mit? Dann sind Sie bei BECO BERM\u00dcLLER genau richtig. Wenn Sie Teil unseres sympathischen Teams werden m\u00f6chten und die famili\u00e4re Atmosph\u00e4re eines erfolgreichen Mittelst\u00e4ndlers suchen, dann freuen wir uns darauf, Sie kennenzulernen. Unser Unternehmen zeichnet sich durch ein freundschaftliches Betriebsklima, flache Hierarchien und Anerkennung f\u00fcr Ihre Leistung [&hellip;]","og_url":"https:\/\/www.beco-bermueller.de\/at\/unternehmen\/jobs-karriere\/","og_site_name":"BECO BERM\u00dcLLER","article_publisher":"https:\/\/www.facebook.com\/becobermueller\/","article_modified_time":"2025-09-30T14:17:48+00:00","og_image":[{"width":707,"height":472,"url":"https:\/\/www.beco-bermueller.de\/wp-content\/uploads\/2024\/08\/BECO-Bermueller-Karriere.webp","type":"image\/webp"}],"twitter_card":"summary_large_image","twitter_misc":{"Gesch\u00e4tzte Lesezeit":"2 Minuten"},"schema":{"@context":"https:\/\/schema.org","@graph":[{"@type":"WebPage","@id":"https:\/\/www.beco-bermueller.de\/unternehmen\/jobs-karriere\/","url":"https:\/\/www.beco-bermueller.de\/unternehmen\/jobs-karriere\/","name":"Jobs &amp; Karriere - BECO BERM\u00dcLLER","isPartOf":{"@id":"http:\/\/www.beco-bermueller.de\/en\/#website"},"primaryImageOfPage":{"@id":"https:\/\/www.beco-bermueller.de\/unternehmen\/jobs-karriere\/#primaryimage"},"image":{"@id":"https:\/\/www.beco-bermueller.de\/unternehmen\/jobs-karriere\/#primaryimage"},"thumbnailUrl":"https:\/\/www.beco-bermueller.de\/wp-content\/uploads\/2024\/08\/BECO-Bermueller-Karriere.webp","datePublished":"2024-07-09T11:58:40+00:00","dateModified":"2025-09-30T14:17:48+00:00","breadcrumb":{"@id":"https:\/\/www.beco-bermueller.de\/unternehmen\/jobs-karriere\/#breadcrumb"},"inLanguage":"de-AT","potentialAction":[{"@type":"ReadAction","target":["https:\/\/www.beco-bermueller.de\/unternehmen\/jobs-karriere\/"]}]},{"@type":"ImageObject","inLanguage":"de-AT","@id":"https:\/\/www.beco-bermueller.de\/unternehmen\/jobs-karriere\/#primaryimage","url":"https:\/\/www.beco-bermueller.de\/wp-content\/uploads\/2024\/08\/BECO-Bermueller-Karriere.webp","contentUrl":"https:\/\/www.beco-bermueller.de\/wp-content\/uploads\/2024\/08\/BECO-Bermueller-Karriere.webp","width":707,"height":472,"caption":"BECO Berm\u00fcller Karriere"},{"@type":"BreadcrumbList","@id":"https:\/\/www.beco-bermueller.de\/unternehmen\/jobs-karriere\/#breadcrumb","itemListElement":[{"@type":"ListItem","position":1,"name":"Startseite","item":"https:\/\/www.beco-bermueller.de\/de\/"},{"@type":"ListItem","position":2,"name":"Unternehmen","item":"https:\/\/www.beco-bermueller.de\/?page_id=3441"},{"@type":"ListItem","position":3,"name":"Jobs &amp; Karriere"}]},{"@type":"WebSite","@id":"http:\/\/www.beco-bermueller.de\/en\/#website","url":"http:\/\/www.beco-bermueller.de\/en\/","name":"Beco Berm\u00fcller","description":"","publisher":{"@id":"http:\/\/www.beco-bermueller.de\/en\/#organization"},"potentialAction":[{"@type":"SearchAction","target":{"@type":"EntryPoint","urlTemplate":"http:\/\/www.beco-bermueller.de\/en\/?s={search_term_string}"},"query-input":{"@type":"PropertyValueSpecification","valueRequired":true,"valueName":"search_term_string"}}],"inLanguage":"de-AT"},{"@type":"Organization","@id":"http:\/\/www.beco-bermueller.de\/en\/#organization","name":"Beco Berm\u00fcller","url":"http:\/\/www.beco-bermueller.de\/en\/","logo":{"@type":"ImageObject","inLanguage":"de-AT","@id":"http:\/\/www.beco-bermueller.de\/en\/#\/schema\/logo\/image\/","url":"https:\/\/www.beco-bermueller.de\/wp-content\/uploads\/2024\/04\/BECO_BERMUELLER_Logo_RGB.svg","contentUrl":"https:\/\/www.beco-bermueller.de\/wp-content\/uploads\/2024\/04\/BECO_BERMUELLER_Logo_RGB.svg","width":"1024","height":"1024","caption":"Beco Berm\u00fcller"},"image":{"@id":"http:\/\/www.beco-bermueller.de\/en\/#\/schema\/logo\/image\/"},"sameAs":["https:\/\/www.facebook.com\/becobermueller\/","https:\/\/www.instagram.com\/beco_bermueller\/"]}]}},"_links":{"self":[{"href":"https:\/\/www.beco-bermueller.de\/at\/wp-json\/wp\/v2\/pages\/1868","targetHints":{"allow":["GET"]}}],"collection":[{"href":"https:\/\/www.beco-bermueller.de\/at\/wp-json\/wp\/v2\/pages"}],"about":[{"href":"https:\/\/www.beco-bermueller.de\/at\/wp-json\/wp\/v2\/types\/page"}],"author":[{"embeddable":true,"href":"https:\/\/www.beco-bermueller.de\/at\/wp-json\/wp\/v2\/users\/1"}],"replies":[{"embeddable":true,"href":"https:\/\/www.beco-bermueller.de\/at\/wp-json\/wp\/v2\/comments?post=1868"}],"version-history":[{"count":2,"href":"https:\/\/www.beco-bermueller.de\/at\/wp-json\/wp\/v2\/pages\/1868\/revisions"}],"predecessor-version":[{"id":12337,"href":"https:\/\/www.beco-bermueller.de\/at\/wp-json\/wp\/v2\/pages\/1868\/revisions\/12337"}],"up":[{"embeddable":true,"href":"https:\/\/www.beco-bermueller.de\/at\/wp-json\/wp\/v2\/pages\/3441"}],"wp:featuredmedia":[{"embeddable":true,"href":"https:\/\/www.beco-bermueller.de\/at\/wp-json\/wp\/v2\/media\/3451"}],"wp:attachment":[{"href":"https:\/\/www.beco-bermueller.de\/at\/wp-json\/wp\/v2\/media?parent=1868"}],"wp:term":[{"taxonomy":"category","embeddable":true,"href":"https:\/\/www.beco-bermueller.de\/at\/wp-json\/wp\/v2\/categories?post=1868"},{"taxonomy":"post_tag","embeddable":true,"href":"https:\/\/www.beco-bermueller.de\/at\/wp-json\/wp\/v2\/tags?post=1868"}],"curies":[{"name":"wp","href":"https:\/\/api.w.org\/{rel}","templated":true}]}}