{"id":3416,"date":"2024-08-21T13:24:49","date_gmt":"2024-08-21T11:24:49","guid":{"rendered":"https:\/\/www.beco-bermueller.de\/?page_id=3416"},"modified":"2024-10-07T17:31:08","modified_gmt":"2024-10-07T15:31:08","slug":"service","status":"publish","type":"page","link":"https:\/\/www.beco-bermueller.de\/at\/service\/","title":{"rendered":"Service"},"content":{"rendered":"<p>[et_pb_section fb_built=&#8220;1&#8243; custom_padding_last_edited=&#8220;off|desktop&#8220; admin_label=&#8220;section&#8220; _builder_version=&#8220;4.24.3&#8243; custom_padding=&#8220;0px||0px||false|false&#8220; custom_padding_phone=&#8220;0px||20px||false|false&#8220; global_colors_info=&#8220;{}&#8220;][et_pb_row column_structure=&#8220;1_2,1_2&#8243; custom_padding_last_edited=&#8220;on|phone&#8220; _builder_version=&#8220;4.24.3&#8243; _module_preset=&#8220;default&#8220; width=&#8220;100%&#8220; max_width=&#8220;1440px&#8220; custom_padding=&#8220;|60px||60px|false|false&#8220; custom_padding_tablet=&#8220;|60px||60px|false|false&#8220; custom_padding_phone=&#8220;|30px||30px|false|false&#8220; global_colors_info=&#8220;{}&#8220;][et_pb_column type=&#8220;1_2&#8243; _builder_version=&#8220;4.24.3&#8243; _module_preset=&#8220;default&#8220; global_colors_info=&#8220;{}&#8220;][et_pb_heading title=&#8220;Service&#8220; _builder_version=&#8220;4.24.3&#8243; _module_preset=&#8220;default&#8220; title_font=&#8220;Simplon Light||||||||&#8220; title_font_size=&#8220;60px&#8220; title_letter_spacing=&#8220;0.3px&#8220; title_line_height=&#8220;1.1em&#8220; custom_margin=&#8220;||30px||false|false&#8220; title_font_size_tablet=&#8220;60px&#8220; title_font_size_phone=&#8220;40px&#8220; title_font_size_last_edited=&#8220;on|phone&#8220; title_line_height_tablet=&#8220;1.1em&#8220; title_line_height_phone=&#8220;1.1em&#8220; title_line_height_last_edited=&#8220;on|phone&#8220; global_colors_info=&#8220;{}&#8220;][\/et_pb_heading][et_pb_text _builder_version=&#8220;4.24.3&#8243; _module_preset=&#8220;default&#8220; text_text_color=&#8220;#2B2B2A&#8220; text_font_size=&#8220;17px&#8220; text_letter_spacing=&#8220;0.3px&#8220; global_colors_info=&#8220;{}&#8220;]<\/p>\n<p><span>Sie haben Fragen zu unseren Produkten und L\u00f6sungen, w\u00fcnschen eine pers\u00f6nliche Beratung durch unser Vertriebsteam oder eine spezifische Beratung durch unsere Anwendungstechnik? Ben\u00f6tigen Sie aktuelle Verkaufsunterlagen, technische Dokumente oder weiterf\u00fchrende Informationen? <\/span><\/p>\n<p><span>Hier finden Sie Online-Formulare, Produktinformationen zum Download, den richtigen Ansprechpartner f\u00fcr Ihr Anliegen und interessante Praxisberichte zu ausgew\u00e4hlten Projekten.<\/span><\/p>\n<p>[\/et_pb_text][\/et_pb_column][et_pb_column type=&#8220;1_2&#8243; _builder_version=&#8220;4.24.3&#8243; _module_preset=&#8220;default&#8220; custom_padding=&#8220;||||false|false&#8220; global_colors_info=&#8220;{}&#8220;][et_pb_image src=&#8220;https:\/\/www.beco-bermueller.de\/wp-content\/uploads\/2024\/08\/BECO-Service.webp&#8220; alt=&#8220;BECO Service&#8220; title_text=&#8220;BECO Service&#8220; module_class=&#8220;gruener-bildstreifen&#8220; _builder_version=&#8220;4.24.3&#8243; _module_preset=&#8220;default&#8220; max_height_tablet=&#8220;&#8220; max_height_phone=&#8220;&#8220; max_height_last_edited=&#8220;on|tablet&#8220; custom_margin=&#8220;||||false|false&#8220; custom_margin_tablet=&#8220;||||false|false&#8220; custom_margin_phone=&#8220;|-30px||-30px|false|false&#8220; custom_margin_last_edited=&#8220;on|phone&#8220; custom_padding=&#8220;0px|0px|0px|0px|false|false&#8220; global_colors_info=&#8220;{}&#8220;][\/et_pb_image][\/et_pb_column][\/et_pb_row][\/et_pb_section][et_pb_section fb_built=&#8220;1&#8243; custom_padding_last_edited=&#8220;off|tablet&#8220; admin_label=&#8220;section&#8220; _builder_version=&#8220;4.24.3&#8243; background_enable_color=&#8220;off&#8220; custom_margin=&#8220;||||false|false&#8220; custom_padding=&#8220;10px||10px||false|false&#8220; custom_padding_tablet=&#8220;20px||0px||false|false&#8220; custom_padding_phone=&#8220;0px||0px||false|false&#8220; global_colors_info=&#8220;{}&#8220;][et_pb_row custom_padding_last_edited=&#8220;on|tablet&#8220; _builder_version=&#8220;4.24.3&#8243; _module_preset=&#8220;default&#8220; width=&#8220;100%&#8220; max_width=&#8220;1440px&#8220; custom_padding=&#8220;0px|60px|0px|60px|false|true&#8220; custom_padding_tablet=&#8220;0px|60px||60px|false|true&#8220; custom_padding_phone=&#8220;|30px||30px|false|true&#8220; global_colors_info=&#8220;{}&#8220;][et_pb_column type=&#8220;4_4&#8243; _builder_version=&#8220;4.24.3&#8243; _module_preset=&#8220;default&#8220; global_colors_info=&#8220;{}&#8220;][lwp_divi_breadcrumbs home_text=&#8220;Startseite&#8220; font_icon=&#8220;&#x35;||divi||400&#8243; use_before_icon=&#8220;off&#8220; use_custom_home_link=&#8220;off&#8220; link_color=&#8220;#2B2B2A&#8220; separator_color=&#8220;#2B2B2A&#8220; current_text_color=&#8220;#00A286&#8243; _builder_version=&#8220;4.24.3&#8243; _module_preset=&#8220;default&#8220; module_font=&#8220;Simplon Regular|||on|||||&#8220; module_text_color=&#8220;#2B2B2A&#8220; module_font_size=&#8220;17px&#8220; module_letter_spacing=&#8220;0.3px&#8220; module_text_color_last_edited=&#8220;off|desktop&#8220; global_colors_info=&#8220;{}&#8220; module_text_color__hover_enabled=&#8220;off|desktop&#8220; module_text_color__hover=&#8220;#00A286&#8243; link_color__hover_enabled=&#8220;on|desktop&#8220; link_color__hover=&#8220;#00A286&#8243;][\/lwp_divi_breadcrumbs][\/et_pb_column][\/et_pb_row][\/et_pb_section][et_pb_section fb_built=&#8220;1&#8243; custom_padding_last_edited=&#8220;on|phone&#8220; admin_label=&#8220;section&#8220; _builder_version=&#8220;4.24.3&#8243; background_enable_color=&#8220;off&#8220; custom_margin=&#8220;||||false|false&#8220; custom_padding=&#8220;20px||||false|false&#8220; custom_padding_tablet=&#8220;20px||||false|false&#8220; custom_padding_phone=&#8220;0px||||false|false&#8220; global_colors_info=&#8220;{}&#8220;][et_pb_row custom_padding_last_edited=&#8220;on|tablet&#8220; _builder_version=&#8220;4.24.3&#8243; _module_preset=&#8220;default&#8220; width=&#8220;100%&#8220; max_width=&#8220;1440px&#8220; custom_margin=&#8220;||||false|false&#8220; custom_padding=&#8220;|60px|20px|60px|false|true&#8220; custom_padding_tablet=&#8220;|60px|0px|60px|false|true&#8220; custom_padding_phone=&#8220;|30px|0px|30px|false|true&#8220; global_colors_info=&#8220;{}&#8220;][et_pb_column type=&#8220;4_4&#8243; _builder_version=&#8220;4.24.3&#8243; _module_preset=&#8220;default&#8220; custom_padding=&#8220;||||false|false&#8220; global_colors_info=&#8220;{}&#8220;][et_pb_heading title=&#8220;Unsere Serviceleistung&#8220; _builder_version=&#8220;4.24.3&#8243; _module_preset=&#8220;default&#8220; title_level=&#8220;h2&#8243; title_font=&#8220;Simplon Light||||||||&#8220; title_text_color=&#8220;#00a286&#8243; title_font_size=&#8220;40px&#8220; title_letter_spacing=&#8220;0.3px&#8220; title_line_height=&#8220;1.5em&#8220; custom_margin=&#8220;||0px||false|false&#8220; custom_padding=&#8220;||0px||false|false&#8220; title_font_size_tablet=&#8220;40px&#8220; title_font_size_phone=&#8220;30px&#8220; title_font_size_last_edited=&#8220;on|phone&#8220; global_colors_info=&#8220;{}&#8220;][\/et_pb_heading][\/et_pb_column][\/et_pb_row][et_pb_row custom_padding_last_edited=&#8220;on|phone&#8220; _builder_version=&#8220;4.24.3&#8243; _module_preset=&#8220;default&#8220; width=&#8220;100%&#8220; max_width=&#8220;1440px&#8220; custom_padding=&#8220;0px|60px||60px|false|true&#8220; custom_padding_tablet=&#8220;30px|60px||60px|false|true&#8220; custom_padding_phone=&#8220;|30px||30px|false|true&#8220; global_colors_info=&#8220;{}&#8220;][et_pb_column type=&#8220;4_4&#8243; _builder_version=&#8220;4.24.3&#8243; _module_preset=&#8220;default&#8220; global_colors_info=&#8220;{}&#8220;][et_pb_text _builder_version=&#8220;4.24.3&#8243; _module_preset=&#8220;default&#8220; hover_enabled=&#8220;0&#8243; global_colors_info=&#8220;{}&#8220; sticky_enabled=&#8220;0&#8243;]<\/p>\n<div class=\"custom-categories\"><div class=\"custom-category\"><a href=\"https:\/\/www.beco-bermueller.de\/at\/kontakt\/\" class=\"custom-category-link\"><div class=\"custom-category-thumbnail\"><img loading=\"lazy\" decoding=\"async\" width=\"707\" height=\"472\" src=\"https:\/\/www.beco-bermueller.de\/wp-content\/uploads\/2024\/08\/BECO-Bermueller-Kontakt-1.webp\" class=\"attachment-large size-large wp-post-image\" alt=\"BECO Berm\u00fcller Kontakt 1\" srcset=\"https:\/\/www.beco-bermueller.de\/wp-content\/uploads\/2024\/08\/BECO-Bermueller-Kontakt-1.webp 707w, https:\/\/www.beco-bermueller.de\/wp-content\/uploads\/2024\/08\/BECO-Bermueller-Kontakt-1-480x320.webp 480w\" sizes=\"(min-width: 0px) and (max-width: 480px) 480px, (min-width: 481px) 707px, 100vw\" \/><\/div><div class=\"custom-category-title\">Kontakt<\/div><\/a><\/div><div class=\"custom-category\"><a href=\"https:\/\/www.beco-bermueller.de\/at\/service\/praxisberichte\/\" class=\"custom-category-link\"><div class=\"custom-category-thumbnail\"><img loading=\"lazy\" decoding=\"async\" width=\"707\" height=\"472\" src=\"https:\/\/www.beco-bermueller.de\/wp-content\/uploads\/2024\/08\/BECO-Bermueller-Erfahrungen.webp\" class=\"attachment-large size-large wp-post-image\" alt=\"BECO Berm\u00fcller Erfahrungen\" srcset=\"https:\/\/www.beco-bermueller.de\/wp-content\/uploads\/2024\/08\/BECO-Bermueller-Erfahrungen.webp 707w, https:\/\/www.beco-bermueller.de\/wp-content\/uploads\/2024\/08\/BECO-Bermueller-Erfahrungen-480x320.webp 480w\" sizes=\"(min-width: 0px) and (max-width: 480px) 480px, (min-width: 481px) 707px, 100vw\" \/><\/div><div class=\"custom-category-title\">Praxisberichte<\/div><\/a><\/div><div class=\"custom-category\"><a href=\"https:\/\/www.beco-bermueller.de\/at\/service\/downloads\/\" class=\"custom-category-link\"><div class=\"custom-category-thumbnail\"><img loading=\"lazy\" decoding=\"async\" width=\"707\" height=\"472\" src=\"https:\/\/www.beco-bermueller.de\/wp-content\/uploads\/2024\/08\/BECO-Bermueller-Dokumente.webp\" class=\"attachment-large size-large wp-post-image\" alt=\"BECO Berm\u00fcller Dokumente\" srcset=\"https:\/\/www.beco-bermueller.de\/wp-content\/uploads\/2024\/08\/BECO-Bermueller-Dokumente.webp 707w, https:\/\/www.beco-bermueller.de\/wp-content\/uploads\/2024\/08\/BECO-Bermueller-Dokumente-480x320.webp 480w\" sizes=\"(min-width: 0px) and (max-width: 480px) 480px, (min-width: 481px) 707px, 100vw\" \/><\/div><div class=\"custom-category-title\">Downloads<\/div><\/a><\/div><div class=\"custom-category\"><a href=\"https:\/\/www.beco-bermueller.de\/at\/kontakt\/ansprechpartner\/\" class=\"custom-category-link\"><div class=\"custom-category-thumbnail\"><img loading=\"lazy\" decoding=\"async\" width=\"707\" height=\"472\" src=\"https:\/\/www.beco-bermueller.de\/wp-content\/uploads\/2024\/08\/BECO-Bermueller-Telefon.webp\" class=\"attachment-large size-large wp-post-image\" alt=\"BECO Berm\u00fcller Telefon\" srcset=\"https:\/\/www.beco-bermueller.de\/wp-content\/uploads\/2024\/08\/BECO-Bermueller-Telefon.webp 707w, https:\/\/www.beco-bermueller.de\/wp-content\/uploads\/2024\/08\/BECO-Bermueller-Telefon-480x320.webp 480w\" sizes=\"(min-width: 0px) and (max-width: 480px) 480px, (min-width: 481px) 707px, 100vw\" \/><\/div><div class=\"custom-category-title\">Ansprechpartner<\/div><\/a><\/div><\/div>\n<p>[\/et_pb_text][\/et_pb_column][\/et_pb_row][\/et_pb_section]<\/p>\n","protected":false},"excerpt":{"rendered":"<p>Transparenz schafft Vertrauen und Vertrauen ist die Basis f\u00fcr eine gute Zusammenarbeit. Wir stehen Ihnen in allen Gesch\u00e4ftsbereichen mit pers\u00f6nlichen Ansprechpartnern von der ersten Beratung bis zum erfolgreichen Projektabschluss und dar\u00fcber hinaus zur Verf\u00fcgung. Nehmen Sie einfach Kontakt mit unseren Mitarbeitern auf.<div class=\"et_pb_module lwp_divi_breadcrumbs lwp_divi_breadcrumbs_0\">\n\t\t\t\t\n\t\t\t\t\n\t\t\t\t\n\t\t\t\t\n\t\t\t\t\n\t\t\t\t\n\t\t\t\t<div class=\"et_pb_module_inner\">\n\t\t\t\t\t<div class=\"lwp-breadcrumbs\"> <span class=\"before\"><\/span> <span vocab=\"https:\/\/schema.org\/\" typeof=\"BreadcrumbList\"><span property=\"itemListElement\" typeof=\"ListItem\"><a property=\"item\" typeof=\"WebPage\" href=\"https:\/\/www.beco-bermueller.de\/at\/\" class=\"home\"><span property=\"name\">&#8220;Startseite&#8220;<\/span><\/a><meta property=\"position\" content=\"1\"><\/span> <span class=\"separator et-pb-icon\"><\/span> <\/span><\/div>\n\t\t\t\t<\/div>\n\t\t\t<\/div><\/p>","protected":false},"author":1,"featured_media":3419,"parent":0,"menu_order":0,"comment_status":"closed","ping_status":"closed","template":"","meta":{"_et_pb_use_builder":"on","_et_pb_old_content":"","_et_gb_content_width":"","inline_featured_image":false,"footnotes":""},"categories":[],"tags":[],"class_list":["post-3416","page","type-page","status-publish","has-post-thumbnail","hentry"],"yoast_head":"<!-- This site is optimized with the Yoast SEO plugin v27.4 - https:\/\/yoast.com\/product\/yoast-seo-wordpress\/ -->\n<title>Service - BECO BERM\u00dcLLER<\/title>\n<meta name=\"description\" content=\"Online-Formulare, Produktinformationen zum Download, den richtigen Ansprechpartner f\u00fcr Ihr Anliegen und interessante Praxisberichte\" \/>\n<meta name=\"robots\" content=\"index, follow, max-snippet:-1, max-image-preview:large, max-video-preview:-1\" \/>\n<link rel=\"canonical\" href=\"https:\/\/www.beco-bermueller.de\/at\/service\/\" \/>\n<meta property=\"og:locale\" content=\"de_DE\" \/>\n<meta property=\"og:type\" content=\"article\" \/>\n<meta property=\"og:title\" content=\"Service - BECO BERM\u00dcLLER\" \/>\n<meta property=\"og:description\" content=\"Online-Formulare, Produktinformationen zum Download, den richtigen Ansprechpartner f\u00fcr Ihr Anliegen und interessante Praxisberichte\" \/>\n<meta property=\"og:url\" content=\"https:\/\/www.beco-bermueller.de\/at\/service\/\" \/>\n<meta property=\"og:site_name\" content=\"BECO BERM\u00dcLLER\" \/>\n<meta property=\"article:publisher\" content=\"https:\/\/www.facebook.com\/becobermueller\/\" \/>\n<meta property=\"article:modified_time\" content=\"2024-10-07T15:31:08+00:00\" \/>\n<meta property=\"og:image\" content=\"https:\/\/www.beco-bermueller.de\/wp-content\/uploads\/2024\/08\/BECO-Service.webp\" \/>\n\t<meta property=\"og:image:width\" content=\"991\" \/>\n\t<meta property=\"og:image:height\" content=\"661\" \/>\n\t<meta property=\"og:image:type\" content=\"image\/webp\" \/>\n<meta name=\"twitter:card\" content=\"summary_large_image\" \/>\n<meta name=\"twitter:label1\" content=\"Gesch\u00e4tzte Lesezeit\" \/>\n\t<meta name=\"twitter:data1\" content=\"2 Minuten\" \/>\n<script type=\"application\/ld+json\" class=\"yoast-schema-graph\">{\"@context\":\"https:\\\/\\\/schema.org\",\"@graph\":[{\"@type\":\"WebPage\",\"@id\":\"https:\\\/\\\/www.beco-bermueller.de\\\/de\\\/service\\\/\",\"url\":\"https:\\\/\\\/www.beco-bermueller.de\\\/de\\\/service\\\/\",\"name\":\"Service - BECO BERM\u00dcLLER\",\"isPartOf\":{\"@id\":\"http:\\\/\\\/www.beco-bermueller.de\\\/en\\\/#website\"},\"primaryImageOfPage\":{\"@id\":\"https:\\\/\\\/www.beco-bermueller.de\\\/de\\\/service\\\/#primaryimage\"},\"image\":{\"@id\":\"https:\\\/\\\/www.beco-bermueller.de\\\/de\\\/service\\\/#primaryimage\"},\"thumbnailUrl\":\"https:\\\/\\\/www.beco-bermueller.de\\\/wp-content\\\/uploads\\\/2024\\\/08\\\/BECO-Service.webp\",\"datePublished\":\"2024-08-21T11:24:49+00:00\",\"dateModified\":\"2024-10-07T15:31:08+00:00\",\"description\":\"Online-Formulare, Produktinformationen zum Download, den richtigen Ansprechpartner f\u00fcr Ihr Anliegen und interessante Praxisberichte\",\"breadcrumb\":{\"@id\":\"https:\\\/\\\/www.beco-bermueller.de\\\/de\\\/service\\\/#breadcrumb\"},\"inLanguage\":\"de-AT\",\"potentialAction\":[{\"@type\":\"ReadAction\",\"target\":[\"https:\\\/\\\/www.beco-bermueller.de\\\/de\\\/service\\\/\"]}]},{\"@type\":\"ImageObject\",\"inLanguage\":\"de-AT\",\"@id\":\"https:\\\/\\\/www.beco-bermueller.de\\\/de\\\/service\\\/#primaryimage\",\"url\":\"https:\\\/\\\/www.beco-bermueller.de\\\/wp-content\\\/uploads\\\/2024\\\/08\\\/BECO-Service.webp\",\"contentUrl\":\"https:\\\/\\\/www.beco-bermueller.de\\\/wp-content\\\/uploads\\\/2024\\\/08\\\/BECO-Service.webp\",\"width\":991,\"height\":661,\"caption\":\"BECO Service\"},{\"@type\":\"BreadcrumbList\",\"@id\":\"https:\\\/\\\/www.beco-bermueller.de\\\/de\\\/service\\\/#breadcrumb\",\"itemListElement\":[{\"@type\":\"ListItem\",\"position\":1,\"name\":\"Startseite\",\"item\":\"https:\\\/\\\/www.beco-bermueller.de\\\/de\\\/\"},{\"@type\":\"ListItem\",\"position\":2,\"name\":\"Service\"}]},{\"@type\":\"WebSite\",\"@id\":\"http:\\\/\\\/www.beco-bermueller.de\\\/en\\\/#website\",\"url\":\"http:\\\/\\\/www.beco-bermueller.de\\\/en\\\/\",\"name\":\"Beco Berm\u00fcller\",\"description\":\"\",\"publisher\":{\"@id\":\"http:\\\/\\\/www.beco-bermueller.de\\\/en\\\/#organization\"},\"potentialAction\":[{\"@type\":\"SearchAction\",\"target\":{\"@type\":\"EntryPoint\",\"urlTemplate\":\"http:\\\/\\\/www.beco-bermueller.de\\\/en\\\/?s={search_term_string}\"},\"query-input\":{\"@type\":\"PropertyValueSpecification\",\"valueRequired\":true,\"valueName\":\"search_term_string\"}}],\"inLanguage\":\"de-AT\"},{\"@type\":\"Organization\",\"@id\":\"http:\\\/\\\/www.beco-bermueller.de\\\/en\\\/#organization\",\"name\":\"Beco Berm\u00fcller\",\"url\":\"http:\\\/\\\/www.beco-bermueller.de\\\/en\\\/\",\"logo\":{\"@type\":\"ImageObject\",\"inLanguage\":\"de-AT\",\"@id\":\"http:\\\/\\\/www.beco-bermueller.de\\\/en\\\/#\\\/schema\\\/logo\\\/image\\\/\",\"url\":\"https:\\\/\\\/www.beco-bermueller.de\\\/wp-content\\\/uploads\\\/2024\\\/04\\\/BECO_BERMUELLER_Logo_RGB.svg\",\"contentUrl\":\"https:\\\/\\\/www.beco-bermueller.de\\\/wp-content\\\/uploads\\\/2024\\\/04\\\/BECO_BERMUELLER_Logo_RGB.svg\",\"width\":\"1024\",\"height\":\"1024\",\"caption\":\"Beco Berm\u00fcller\"},\"image\":{\"@id\":\"http:\\\/\\\/www.beco-bermueller.de\\\/en\\\/#\\\/schema\\\/logo\\\/image\\\/\"},\"sameAs\":[\"https:\\\/\\\/www.facebook.com\\\/becobermueller\\\/\",\"https:\\\/\\\/www.instagram.com\\\/beco_bermueller\\\/\"]}]}<\/script>\n<!-- \/ Yoast SEO plugin. -->","yoast_head_json":{"title":"Service - BECO BERM\u00dcLLER","description":"Online-Formulare, Produktinformationen zum Download, den richtigen Ansprechpartner f\u00fcr Ihr Anliegen und interessante Praxisberichte","robots":{"index":"index","follow":"follow","max-snippet":"max-snippet:-1","max-image-preview":"max-image-preview:large","max-video-preview":"max-video-preview:-1"},"canonical":"https:\/\/www.beco-bermueller.de\/at\/service\/","og_locale":"de_DE","og_type":"article","og_title":"Service - BECO BERM\u00dcLLER","og_description":"Online-Formulare, Produktinformationen zum Download, den richtigen Ansprechpartner f\u00fcr Ihr Anliegen und interessante Praxisberichte","og_url":"https:\/\/www.beco-bermueller.de\/at\/service\/","og_site_name":"BECO BERM\u00dcLLER","article_publisher":"https:\/\/www.facebook.com\/becobermueller\/","article_modified_time":"2024-10-07T15:31:08+00:00","og_image":[{"width":991,"height":661,"url":"https:\/\/www.beco-bermueller.de\/wp-content\/uploads\/2024\/08\/BECO-Service.webp","type":"image\/webp"}],"twitter_card":"summary_large_image","twitter_misc":{"Gesch\u00e4tzte Lesezeit":"2 Minuten"},"schema":{"@context":"https:\/\/schema.org","@graph":[{"@type":"WebPage","@id":"https:\/\/www.beco-bermueller.de\/de\/service\/","url":"https:\/\/www.beco-bermueller.de\/de\/service\/","name":"Service - BECO BERM\u00dcLLER","isPartOf":{"@id":"http:\/\/www.beco-bermueller.de\/en\/#website"},"primaryImageOfPage":{"@id":"https:\/\/www.beco-bermueller.de\/de\/service\/#primaryimage"},"image":{"@id":"https:\/\/www.beco-bermueller.de\/de\/service\/#primaryimage"},"thumbnailUrl":"https:\/\/www.beco-bermueller.de\/wp-content\/uploads\/2024\/08\/BECO-Service.webp","datePublished":"2024-08-21T11:24:49+00:00","dateModified":"2024-10-07T15:31:08+00:00","description":"Online-Formulare, Produktinformationen zum Download, den richtigen Ansprechpartner f\u00fcr Ihr Anliegen und interessante Praxisberichte","breadcrumb":{"@id":"https:\/\/www.beco-bermueller.de\/de\/service\/#breadcrumb"},"inLanguage":"de-AT","potentialAction":[{"@type":"ReadAction","target":["https:\/\/www.beco-bermueller.de\/de\/service\/"]}]},{"@type":"ImageObject","inLanguage":"de-AT","@id":"https:\/\/www.beco-bermueller.de\/de\/service\/#primaryimage","url":"https:\/\/www.beco-bermueller.de\/wp-content\/uploads\/2024\/08\/BECO-Service.webp","contentUrl":"https:\/\/www.beco-bermueller.de\/wp-content\/uploads\/2024\/08\/BECO-Service.webp","width":991,"height":661,"caption":"BECO Service"},{"@type":"BreadcrumbList","@id":"https:\/\/www.beco-bermueller.de\/de\/service\/#breadcrumb","itemListElement":[{"@type":"ListItem","position":1,"name":"Startseite","item":"https:\/\/www.beco-bermueller.de\/de\/"},{"@type":"ListItem","position":2,"name":"Service"}]},{"@type":"WebSite","@id":"http:\/\/www.beco-bermueller.de\/en\/#website","url":"http:\/\/www.beco-bermueller.de\/en\/","name":"Beco Berm\u00fcller","description":"","publisher":{"@id":"http:\/\/www.beco-bermueller.de\/en\/#organization"},"potentialAction":[{"@type":"SearchAction","target":{"@type":"EntryPoint","urlTemplate":"http:\/\/www.beco-bermueller.de\/en\/?s={search_term_string}"},"query-input":{"@type":"PropertyValueSpecification","valueRequired":true,"valueName":"search_term_string"}}],"inLanguage":"de-AT"},{"@type":"Organization","@id":"http:\/\/www.beco-bermueller.de\/en\/#organization","name":"Beco Berm\u00fcller","url":"http:\/\/www.beco-bermueller.de\/en\/","logo":{"@type":"ImageObject","inLanguage":"de-AT","@id":"http:\/\/www.beco-bermueller.de\/en\/#\/schema\/logo\/image\/","url":"https:\/\/www.beco-bermueller.de\/wp-content\/uploads\/2024\/04\/BECO_BERMUELLER_Logo_RGB.svg","contentUrl":"https:\/\/www.beco-bermueller.de\/wp-content\/uploads\/2024\/04\/BECO_BERMUELLER_Logo_RGB.svg","width":"1024","height":"1024","caption":"Beco Berm\u00fcller"},"image":{"@id":"http:\/\/www.beco-bermueller.de\/en\/#\/schema\/logo\/image\/"},"sameAs":["https:\/\/www.facebook.com\/becobermueller\/","https:\/\/www.instagram.com\/beco_bermueller\/"]}]}},"_links":{"self":[{"href":"https:\/\/www.beco-bermueller.de\/at\/wp-json\/wp\/v2\/pages\/3416","targetHints":{"allow":["GET"]}}],"collection":[{"href":"https:\/\/www.beco-bermueller.de\/at\/wp-json\/wp\/v2\/pages"}],"about":[{"href":"https:\/\/www.beco-bermueller.de\/at\/wp-json\/wp\/v2\/types\/page"}],"author":[{"embeddable":true,"href":"https:\/\/www.beco-bermueller.de\/at\/wp-json\/wp\/v2\/users\/1"}],"replies":[{"embeddable":true,"href":"https:\/\/www.beco-bermueller.de\/at\/wp-json\/wp\/v2\/comments?post=3416"}],"version-history":[{"count":0,"href":"https:\/\/www.beco-bermueller.de\/at\/wp-json\/wp\/v2\/pages\/3416\/revisions"}],"wp:featuredmedia":[{"embeddable":true,"href":"https:\/\/www.beco-bermueller.de\/at\/wp-json\/wp\/v2\/media\/3419"}],"wp:attachment":[{"href":"https:\/\/www.beco-bermueller.de\/at\/wp-json\/wp\/v2\/media?parent=3416"}],"wp:term":[{"taxonomy":"category","embeddable":true,"href":"https:\/\/www.beco-bermueller.de\/at\/wp-json\/wp\/v2\/categories?post=3416"},{"taxonomy":"post_tag","embeddable":true,"href":"https:\/\/www.beco-bermueller.de\/at\/wp-json\/wp\/v2\/tags?post=3416"}],"curies":[{"name":"wp","href":"https:\/\/api.w.org\/{rel}","templated":true}]}}