{"id":3937,"date":"2024-08-26T16:30:32","date_gmt":"2024-08-26T14:30:32","guid":{"rendered":"https:\/\/www.beco-bermueller.de\/?page_id=3937"},"modified":"2024-10-22T13:13:54","modified_gmt":"2024-10-22T11:13:54","slug":"kontaktformular","status":"publish","type":"page","link":"https:\/\/www.beco-bermueller.de\/at\/kontakt\/kontaktformular\/","title":{"rendered":"Kontaktformular"},"content":{"rendered":"<p>[et_pb_section fb_built=&#8220;1&#8243; custom_padding_last_edited=&#8220;off|desktop&#8220; admin_label=&#8220;section&#8220; _builder_version=&#8220;4.24.3&#8243; background_enable_color=&#8220;off&#8220; custom_margin=&#8220;||||false|false&#8220; custom_padding=&#8220;0px||||false|false&#8220; custom_padding_tablet=&#8220;20px||0px||false|false&#8220; custom_padding_phone=&#8220;0px||0px||false|false&#8220; global_colors_info=&#8220;{}&#8220;][et_pb_row custom_padding_last_edited=&#8220;on|tablet&#8220; _builder_version=&#8220;4.24.3&#8243; _module_preset=&#8220;default&#8220; width=&#8220;100%&#8220; max_width=&#8220;1440px&#8220; custom_margin=&#8220;||||false|false&#8220; custom_padding=&#8220;|60px||60px|false|true&#8220; custom_padding_tablet=&#8220;|60px|0px|60px|false|true&#8220; custom_padding_phone=&#8220;|30px|0px|30px|false|true&#8220; global_colors_info=&#8220;{}&#8220;][et_pb_column type=&#8220;4_4&#8243; _builder_version=&#8220;4.24.3&#8243; _module_preset=&#8220;default&#8220; custom_padding=&#8220;||||false|false&#8220; global_colors_info=&#8220;{}&#8220;][et_pb_heading title=&#8220;Kontaktformular&#8220; _builder_version=&#8220;4.24.3&#8243; _module_preset=&#8220;default&#8220; title_font=&#8220;Simplon Light||||||||&#8220; title_text_color=&#8220;#00a286&#8243; title_font_size=&#8220;40px&#8220; title_letter_spacing=&#8220;0.3px&#8220; title_line_height=&#8220;1.5em&#8220; custom_margin=&#8220;||0px||false|false&#8220; custom_padding=&#8220;||0px||false|false&#8220; title_font_size_tablet=&#8220;40px&#8220; title_font_size_phone=&#8220;30px&#8220; title_font_size_last_edited=&#8220;on|phone&#8220; global_colors_info=&#8220;{}&#8220;][\/et_pb_heading][\/et_pb_column][\/et_pb_row][et_pb_row custom_padding_last_edited=&#8220;on|phone&#8220; _builder_version=&#8220;4.24.3&#8243; _module_preset=&#8220;default&#8220; width=&#8220;100%&#8220; max_width=&#8220;1440px&#8220; custom_padding=&#8220;0px|60px||60px|false|true&#8220; custom_padding_tablet=&#8220;30px|60px||60px|false|true&#8220; custom_padding_phone=&#8220;|30px||30px|false|true&#8220; global_colors_info=&#8220;{}&#8220;][et_pb_column type=&#8220;4_4&#8243; _builder_version=&#8220;4.24.3&#8243; _module_preset=&#8220;default&#8220; global_colors_info=&#8220;{}&#8220;][dsm_contact_form_7 cf7_library=&#8220;4193&#8243; label_bottom_spacing=&#8220;40px&#8220; button_alignment=&#8220;right&#8220; input_background_color=&#8220;#F8F8F8&#8243; _builder_version=&#8220;4.24.3&#8243; _module_preset=&#8220;default&#8220; labels_font=&#8220;Simplon Regular||||||||&#8220; labels_text_color=&#8220;#2B2B2A&#8220; labels_font_size=&#8220;17px&#8220; labels_letter_spacing=&#8220;0.3px&#8220; input_textarea_select_font=&#8220;Simplon Regular||||||||&#8220; input_textarea_select_text_color=&#8220;#2B2B2A&#8220; input_textarea_select_font_size=&#8220;15px&#8220; input_textarea_select_letter_spacing=&#8220;0.3px&#8220; placeholder_font=&#8220;Simplon Regular||||||||&#8220; placeholder_font_size=&#8220;15px&#8220; placeholder_letter_spacing=&#8220;0.3px&#8220; radio_checkbox_font=&#8220;Simplon Regular||||||||&#8220; radio_checkbox_text_color=&#8220;#2B2B2A&#8220; radio_checkbox_font_size=&#8220;17px&#8220; radio_checkbox_letter_spacing=&#8220;0.3px&#8220; file_font=&#8220;Simplon Regular||||||||&#8220; error_msg_font=&#8220;Simplon Regular||||||||&#8220; error_msg_text_color=&#8220;#E7344C&#8220; error_msg_font_size=&#8220;17px&#8220; error_msg_letter_spacing=&#8220;0.3px&#8220; error_validation_font=&#8220;Simplon Regular||||||||&#8220; error_validation_text_color=&#8220;#2B2B2A&#8220; error_validation_font_size=&#8220;17px&#8220; error_validation_letter_spacing=&#8220;0.3px&#8220; success_validation_font=&#8220;Simplon Regular||||||||&#8220; success_validation_text_color=&#8220;#2B2B2A&#8220; success_validation_font_size=&#8220;17px&#8220; success_validation_letter_spacing=&#8220;0.3px&#8220; custom_button_one=&#8220;on&#8220; button_one_text_size=&#8220;20px&#8220; button_one_text_color=&#8220;#FFFFFF&#8220; button_one_bg_color=&#8220;#00A286&#8243; button_one_border_width=&#8220;1px&#8220; button_one_border_color=&#8220;#00A286&#8243; button_one_border_radius=&#8220;0px&#8220; button_one_letter_spacing=&#8220;0.3px&#8220; button_one_font=&#8220;Simplon Medium||||||||&#8220; button_one_icon=&#8220;&#x35;||divi||400&#8243; button_one_on_hover=&#8220;off&#8220; button_one_custom_padding=&#8220;5px|50px|5px|30px|false|false&#8220; custom_padding=&#8220;||||false|false&#8220; hover_enabled=&#8220;0&#8243; border_width_all_image=&#8220;1px&#8220; border_color_all_image=&#8220;#dadad9&#8243; border_color_all_error_msg=&#8220;RGBA(255,255,255,0)&#8220; border_color_all_error_validation=&#8220;#E7344C&#8220; border_color_all_validation_success=&#8220;#00A286&#8243; global_colors_info=&#8220;{}&#8220; button_one_text_color__hover_enabled=&#8220;on|desktop&#8220; button_one_text_color__hover=&#8220;#00A286&#8243; button_one_bg_color__hover_enabled=&#8220;on|hover&#8220; button_one_bg_color__hover=&#8220;#FFFFFF&#8220; button_one_bg_enable_color__hover=&#8220;on&#8220; sticky_enabled=&#8220;0&#8243;][\/dsm_contact_form_7][\/et_pb_column][\/et_pb_row][\/et_pb_section][et_pb_section fb_built=&#8220;1&#8243; admin_label=&#8220;Sektion&#8220; module_class=&#8220;nicht-englisch nicht-oesterreich&#8220; _builder_version=&#8220;4.24.3&#8243; _module_preset=&#8220;default&#8220; background_color=&#8220;#f8f8f8&#8243; custom_padding=&#8220;||||false|false&#8220; global_colors_info=&#8220;{}&#8220;][et_pb_row custom_padding_last_edited=&#8220;on|phone&#8220; _builder_version=&#8220;4.24.3&#8243; _module_preset=&#8220;default&#8220; width=&#8220;100%&#8220; max_width=&#8220;1440px&#8220; custom_margin=&#8220;||||false|false&#8220; custom_padding=&#8220;0px|60px|0px|60px|false|true&#8220; custom_padding_tablet=&#8220;|60px||60px|false|true&#8220; custom_padding_phone=&#8220;|30px||30px|false|true&#8220; global_colors_info=&#8220;{}&#8220;][et_pb_column type=&#8220;4_4&#8243; _builder_version=&#8220;4.24.3&#8243; _module_preset=&#8220;default&#8220; global_colors_info=&#8220;{}&#8220;][et_pb_button button_text=&#8220;WIR SIND F\u00dcR SIE DA&#8220; _builder_version=&#8220;4.24.3&#8243; _module_preset=&#8220;default&#8220; custom_button=&#8220;on&#8220; button_text_size=&#8220;16px&#8220; button_text_color=&#8220;#FFFFFF&#8220; button_bg_color=&#8220;#2B2B2A&#8220; button_border_width=&#8220;0px&#8220; button_border_radius=&#8220;0px&#8220; button_letter_spacing=&#8220;0.3px&#8220; button_font=&#8220;Simplon Regular||||||||&#8220; button_use_icon=&#8220;off&#8220; custom_padding=&#8220;||||false|false&#8220; global_colors_info=&#8220;{}&#8220;][\/et_pb_button][\/et_pb_column][\/et_pb_row][et_pb_row use_custom_gutter=&#8220;on&#8220; gutter_width=&#8220;2&#8243; custom_padding_last_edited=&#8220;on|phone&#8220; _builder_version=&#8220;4.24.3&#8243; _module_preset=&#8220;default&#8220; background_color=&#8220;#f8f8f8&#8243; width=&#8220;100%&#8220; max_width=&#8220;1380px&#8220; custom_margin=&#8220;0px||||false|false&#8220; custom_margin_tablet=&#8220;||20px||false|false&#8220; custom_margin_phone=&#8220;||20px||false|false&#8220; custom_margin_last_edited=&#8220;on|phone&#8220; custom_padding=&#8220;|30px|27px|30px|false|true&#8220; custom_padding_tablet=&#8220;|60px||60px|false|true&#8220; custom_padding_phone=&#8220;|30px||30px|false|true&#8220; global_colors_info=&#8220;{}&#8220;][et_pb_column type=&#8220;4_4&#8243; _builder_version=&#8220;4.24.3&#8243; _module_preset=&#8220;default&#8220; background_color=&#8220;#FFFFFF&#8220; custom_padding=&#8220;||||false|false&#8220; custom_css_main_element=&#8220;display: inline-block !important; \/* Passt die Breite der Spalte an den Button an *\/||width: 22%!important;||margin-right: 4%;&#8220; global_colors_info=&#8220;{}&#8220; custom_css_main_element_last_edited=&#8220;on|desktop&#8220; custom_css_main_element_tablet=&#8220;display: inline-block !important; \/* Passt die Breite der Spalte an den Button an *\/||width: 47%!important;||margin-right: 6%;||&#8220; custom_css_main_element_phone=&#8220;width: auto;&#8220;][et_pb_text _builder_version=&#8220;4.24.3&#8243; _module_preset=&#8220;default&#8220; text_font=&#8220;Simplon Medium||||||||&#8220; text_text_color=&#8220;#00a286&#8243; text_font_size=&#8220;16px&#8220; text_letter_spacing=&#8220;0.3px&#8220; max_width=&#8220;420px&#8220; custom_margin=&#8220;||20px||false|false&#8220; custom_margin_tablet=&#8220;||0px||false|false&#8220; custom_margin_phone=&#8220;||0px||false|false&#8220; custom_margin_last_edited=&#8220;on|phone&#8220; custom_padding=&#8220;30px||0px|30px|false|false&#8220; global_colors_info=&#8220;{}&#8220;]<\/p>\n<p><span>Empfangsassistenz<\/span><\/p>\n<p>[\/et_pb_text][et_pb_text _builder_version=&#8220;4.24.3&#8243; _module_preset=&#8220;default&#8220; text_font=&#8220;Simplon Medium||||||||&#8220; text_text_color=&#8220;#2B2B2A&#8220; text_font_size=&#8220;21px&#8220; text_letter_spacing=&#8220;0.3px&#8220; header_4_font=&#8220;Simplon Medium||||||||&#8220; header_4_font_size=&#8220;21px&#8220; max_width=&#8220;420px&#8220; custom_margin=&#8220;5px||20px||false|false&#8220; custom_padding=&#8220;|||30px|false|false&#8220; custom_padding_tablet=&#8220;20px||2px||false|false&#8220; custom_padding_phone=&#8220;20px||2px||false|false&#8220; custom_padding_last_edited=&#8220;on|desktop&#8220; global_colors_info=&#8220;{}&#8220;]<\/p>\n<p><span>Birgit Meckl<\/span><\/p>\n<p>[\/et_pb_text][et_pb_text _builder_version=&#8220;4.24.3&#8243; _module_preset=&#8220;default&#8220; text_text_color=&#8220;#2B2B2A&#8220; text_font_size=&#8220;16px&#8220; text_letter_spacing=&#8220;0.3px&#8220; max_width=&#8220;420px&#8220; min_height=&#8220;20.8px&#8220; custom_margin=&#8220;0px||5px||false|false&#8220; custom_padding=&#8220;0px|||30px|false|false&#8220; global_colors_info=&#8220;{}&#8220;]<\/p>\n<p><span><img loading=\"lazy\" decoding=\"async\" src=\"https:\/\/www.beco-bermueller.de\/wp-content\/uploads\/2024\/05\/beco_icon_telefon-300x297.png\" width=\"16\" height=\"16\" alt=\"BECO\" class=\"wp-image-370 alignnone size-medium\" style=\"margin-right: 5px;\" srcset=\"https:\/\/www.beco-bermueller.de\/wp-content\/uploads\/2024\/05\/beco_icon_telefon-300x297.png 300w, https:\/\/www.beco-bermueller.de\/wp-content\/uploads\/2024\/05\/beco_icon_telefon-150x150.png 150w, https:\/\/www.beco-bermueller.de\/wp-content\/uploads\/2024\/05\/beco_icon_telefon-400x433.png 400w, https:\/\/www.beco-bermueller.de\/wp-content\/uploads\/2024\/05\/beco_icon_telefon.png 437w\" sizes=\"(max-width: 16px) 100vw, 16px\" \/>+49 (0) 911 64200-10<\/span><\/p>\n<p>[\/et_pb_text][et_pb_text _builder_version=&#8220;4.24.3&#8243; _module_preset=&#8220;default&#8220; text_text_color=&#8220;#2B2B2A&#8220; text_font_size=&#8220;16px&#8220; text_letter_spacing=&#8220;0.3px&#8220; text_line_height=&#8220;1.2em&#8220; max_width=&#8220;420px&#8220; custom_margin=&#8220;0px||||false|false&#8220; custom_padding=&#8220;0px|30px|30px|30px|false|false&#8220; link_option_url_new_window=&#8220;on&#8220; global_colors_info=&#8220;{}&#8220;]<\/p>\n<p><img loading=\"lazy\" decoding=\"async\" src=\"https:\/\/www.beco-bermueller.de\/wp-content\/uploads\/2024\/05\/beco_icon_mail-300x215.png\" width=\"16\" height=\"16\" alt=\"BECO\" class=\"wp-image-371 alignnone size-medium\" style=\"margin-right: 10px;\" \/><a href=\"mailto:info@beco-bermueller.de\">info@beco-bermueller.de<\/a><\/p>\n<p>[\/et_pb_text][\/et_pb_column][\/et_pb_row][et_pb_row module_class=&#8220;nicht-englisch&#8220; _builder_version=&#8220;4.24.3&#8243; _module_preset=&#8220;default&#8220; width=&#8220;100%&#8220; max_width=&#8220;1320px&#8220; custom_margin=&#8220;||||false|false&#8220; custom_padding=&#8220;0px||||false|false&#8220; global_colors_info=&#8220;{}&#8220;][et_pb_column type=&#8220;4_4&#8243; _builder_version=&#8220;4.24.3&#8243; _module_preset=&#8220;default&#8220; global_colors_info=&#8220;{}&#8220;][et_pb_button button_url=&#8220;@ET-DC@eyJkeW5hbWljIjp0cnVlLCJjb250ZW50IjoicG9zdF9saW5rX3VybF9wYWdlIiwic2V0dGluZ3MiOnsicG9zdF9pZCI6IjM0MzEifX0=@&#8220; button_text=&#8220;Alle Ansprechpartner&#8220; button_alignment=&#8220;center&#8220; button_alignment_tablet=&#8220;center&#8220; button_alignment_phone=&#8220;center&#8220; button_alignment_last_edited=&#8220;on|desktop&#8220; _builder_version=&#8220;4.24.3&#8243; _dynamic_attributes=&#8220;button_url&#8220; _module_preset=&#8220;default&#8220; custom_button=&#8220;on&#8220; button_text_size=&#8220;17px&#8220; button_text_color=&#8220;#FFFFFF&#8220; button_bg_color=&#8220;#00a286&#8243; button_border_width=&#8220;1px&#8220; button_border_color=&#8220;#00a286&#8243; button_border_radius=&#8220;0px&#8220; button_letter_spacing=&#8220;0.3px&#8220; button_font=&#8220;Simplon Medium||||||||&#8220; button_use_icon=&#8220;off&#8220; background_layout=&#8220;dark&#8220; custom_margin=&#8220;||||false|false&#8220; custom_margin_tablet=&#8220;&#8220; custom_margin_phone=&#8220;||||false|false&#8220; custom_margin_last_edited=&#8220;on|tablet&#8220; custom_padding=&#8220;10px|30px|10px|30px|true|false&#8220; custom_padding_tablet=&#8220;10px||10px|30px|true|false&#8220; custom_padding_phone=&#8220;10px|30px|10px||true|false&#8220; custom_padding_last_edited=&#8220;on|tablet&#8220; global_colors_info=&#8220;{}&#8220; custom_css_main_element_last_edited=&#8220;on|phone&#8220; button_text_color__hover_enabled=&#8220;on|hover&#8220; button_text_color__hover=&#8220;#00A286&#8243; button_bg_color__hover_enabled=&#8220;on|hover&#8220; button_bg_color__hover=&#8220;#FFFFFF&#8220; button_bg_enable_color__hover=&#8220;on&#8220;][\/et_pb_button][\/et_pb_column][\/et_pb_row][\/et_pb_section]<\/p>\n","protected":false},"excerpt":{"rendered":"<div class=\"et_pb_module dsm_contact_form_7 dsm_contact_form_7_0\">\n\t\t\t\t\n\t\t\t\t\n\t\t\t\t\n\t\t\t\t\n\t\t\t\t\n\t\t\t\t\n\t\t\t\t<div class=\"et_pb_module_inner\">\n\t\t\t\t\t<div class=\"dsm_contact_form_7_btn_icon\" data-dsm-btn-icon=\"\">\n\t\t\t\t<p class=\"wpcf7-contact-form-not-found\"><strong>Error:<\/strong> Contact form not found.<\/p>\n\t\t\t<\/div>\n\t\t\t\t<\/div>\n\t\t\t<\/div>","protected":false},"author":1,"featured_media":0,"parent":3462,"menu_order":0,"comment_status":"closed","ping_status":"closed","template":"","meta":{"_et_pb_use_builder":"on","_et_pb_old_content":"","_et_gb_content_width":"","inline_featured_image":false,"footnotes":""},"categories":[114],"tags":[],"class_list":["post-3937","page","type-page","status-publish","hentry","category-kontakt"],"yoast_head":"<!-- This site is optimized with the Yoast SEO plugin v27.2 - https:\/\/yoast.com\/product\/yoast-seo-wordpress\/ -->\n<title>Kontaktformular - BECO BERM\u00dcLLER<\/title>\n<meta name=\"description\" content=\"Wir finden f\u00fcr Sie die passende L\u00f6sung! Geokunststoffe, Fallschutzbel\u00e4ge, Sportplatzbaustoffe, Kunstrasen und mehr | BECO BERM\u00dcLLER\" \/>\n<meta name=\"robots\" content=\"index, follow, max-snippet:-1, max-image-preview:large, max-video-preview:-1\" \/>\n<link rel=\"canonical\" href=\"https:\/\/www.beco-bermueller.de\/at\/kontakt\/kontaktformular\/\" \/>\n<meta property=\"og:locale\" content=\"de_DE\" \/>\n<meta property=\"og:type\" content=\"article\" \/>\n<meta property=\"og:title\" content=\"Kontaktformular - BECO BERM\u00dcLLER\" \/>\n<meta property=\"og:description\" content=\"Wir finden f\u00fcr Sie die passende L\u00f6sung! Geokunststoffe, Fallschutzbel\u00e4ge, Sportplatzbaustoffe, Kunstrasen und mehr | BECO BERM\u00dcLLER\" \/>\n<meta property=\"og:url\" content=\"https:\/\/www.beco-bermueller.de\/at\/kontakt\/kontaktformular\/\" \/>\n<meta property=\"og:site_name\" content=\"BECO BERM\u00dcLLER\" \/>\n<meta property=\"article:publisher\" content=\"https:\/\/www.facebook.com\/becobermueller\/\" \/>\n<meta property=\"article:modified_time\" content=\"2024-10-22T11:13:54+00:00\" \/>\n<meta property=\"og:image\" content=\"https:\/\/www.beco-bermueller.de\/wp-content\/uploads\/2024\/05\/beco_icon_telefon.png\" \/>\n\t<meta property=\"og:image:width\" content=\"437\" \/>\n\t<meta property=\"og:image:height\" content=\"433\" \/>\n\t<meta property=\"og:image:type\" content=\"image\/png\" \/>\n<meta name=\"twitter:card\" content=\"summary_large_image\" \/>\n<script type=\"application\/ld+json\" class=\"yoast-schema-graph\">{\"@context\":\"https:\/\/schema.org\",\"@graph\":[{\"@type\":\"WebPage\",\"@id\":\"https:\/\/www.beco-bermueller.de\/de\/kontakt\/kontaktformular\/\",\"url\":\"https:\/\/www.beco-bermueller.de\/de\/kontakt\/kontaktformular\/\",\"name\":\"Kontaktformular - BECO BERM\u00dcLLER\",\"isPartOf\":{\"@id\":\"http:\/\/www.beco-bermueller.de\/en\/#website\"},\"primaryImageOfPage\":{\"@id\":\"https:\/\/www.beco-bermueller.de\/de\/kontakt\/kontaktformular\/#primaryimage\"},\"image\":{\"@id\":\"https:\/\/www.beco-bermueller.de\/de\/kontakt\/kontaktformular\/#primaryimage\"},\"thumbnailUrl\":\"https:\/\/www.beco-bermueller.de\/wp-content\/uploads\/2024\/05\/beco_icon_telefon-300x297.png\",\"datePublished\":\"2024-08-26T14:30:32+00:00\",\"dateModified\":\"2024-10-22T11:13:54+00:00\",\"description\":\"Wir finden f\u00fcr Sie die passende L\u00f6sung! Geokunststoffe, Fallschutzbel\u00e4ge, Sportplatzbaustoffe, Kunstrasen und mehr | BECO BERM\u00dcLLER\",\"breadcrumb\":{\"@id\":\"https:\/\/www.beco-bermueller.de\/de\/kontakt\/kontaktformular\/#breadcrumb\"},\"inLanguage\":\"de-AT\",\"potentialAction\":[{\"@type\":\"ReadAction\",\"target\":[\"https:\/\/www.beco-bermueller.de\/de\/kontakt\/kontaktformular\/\"]}]},{\"@type\":\"ImageObject\",\"inLanguage\":\"de-AT\",\"@id\":\"https:\/\/www.beco-bermueller.de\/de\/kontakt\/kontaktformular\/#primaryimage\",\"url\":\"https:\/\/www.beco-bermueller.de\/wp-content\/uploads\/2024\/05\/beco_icon_telefon-300x297.png\",\"contentUrl\":\"https:\/\/www.beco-bermueller.de\/wp-content\/uploads\/2024\/05\/beco_icon_telefon-300x297.png\"},{\"@type\":\"BreadcrumbList\",\"@id\":\"https:\/\/www.beco-bermueller.de\/de\/kontakt\/kontaktformular\/#breadcrumb\",\"itemListElement\":[{\"@type\":\"ListItem\",\"position\":1,\"name\":\"Startseite\",\"item\":\"https:\/\/www.beco-bermueller.de\/de\/\"},{\"@type\":\"ListItem\",\"position\":2,\"name\":\"Kontakt\",\"item\":\"https:\/\/www.beco-bermueller.de\/de\/kontakt\/\"},{\"@type\":\"ListItem\",\"position\":3,\"name\":\"Kontaktformular\"}]},{\"@type\":\"WebSite\",\"@id\":\"http:\/\/www.beco-bermueller.de\/en\/#website\",\"url\":\"http:\/\/www.beco-bermueller.de\/en\/\",\"name\":\"Beco Berm\u00fcller\",\"description\":\"\",\"publisher\":{\"@id\":\"http:\/\/www.beco-bermueller.de\/en\/#organization\"},\"potentialAction\":[{\"@type\":\"SearchAction\",\"target\":{\"@type\":\"EntryPoint\",\"urlTemplate\":\"http:\/\/www.beco-bermueller.de\/en\/?s={search_term_string}\"},\"query-input\":{\"@type\":\"PropertyValueSpecification\",\"valueRequired\":true,\"valueName\":\"search_term_string\"}}],\"inLanguage\":\"de-AT\"},{\"@type\":\"Organization\",\"@id\":\"http:\/\/www.beco-bermueller.de\/en\/#organization\",\"name\":\"Beco Berm\u00fcller\",\"url\":\"http:\/\/www.beco-bermueller.de\/en\/\",\"logo\":{\"@type\":\"ImageObject\",\"inLanguage\":\"de-AT\",\"@id\":\"http:\/\/www.beco-bermueller.de\/en\/#\/schema\/logo\/image\/\",\"url\":\"https:\/\/www.beco-bermueller.de\/wp-content\/uploads\/2024\/04\/BECO_BERMUELLER_Logo_RGB.svg\",\"contentUrl\":\"https:\/\/www.beco-bermueller.de\/wp-content\/uploads\/2024\/04\/BECO_BERMUELLER_Logo_RGB.svg\",\"width\":\"1024\",\"height\":\"1024\",\"caption\":\"Beco Berm\u00fcller\"},\"image\":{\"@id\":\"http:\/\/www.beco-bermueller.de\/en\/#\/schema\/logo\/image\/\"},\"sameAs\":[\"https:\/\/www.facebook.com\/becobermueller\/\",\"https:\/\/www.instagram.com\/beco_bermueller\/\"]}]}<\/script>\n<!-- \/ Yoast SEO plugin. -->","yoast_head_json":{"title":"Kontaktformular - BECO BERM\u00dcLLER","description":"Wir finden f\u00fcr Sie die passende L\u00f6sung! Geokunststoffe, Fallschutzbel\u00e4ge, Sportplatzbaustoffe, Kunstrasen und mehr | BECO BERM\u00dcLLER","robots":{"index":"index","follow":"follow","max-snippet":"max-snippet:-1","max-image-preview":"max-image-preview:large","max-video-preview":"max-video-preview:-1"},"canonical":"https:\/\/www.beco-bermueller.de\/at\/kontakt\/kontaktformular\/","og_locale":"de_DE","og_type":"article","og_title":"Kontaktformular - BECO BERM\u00dcLLER","og_description":"Wir finden f\u00fcr Sie die passende L\u00f6sung! Geokunststoffe, Fallschutzbel\u00e4ge, Sportplatzbaustoffe, Kunstrasen und mehr | BECO BERM\u00dcLLER","og_url":"https:\/\/www.beco-bermueller.de\/at\/kontakt\/kontaktformular\/","og_site_name":"BECO BERM\u00dcLLER","article_publisher":"https:\/\/www.facebook.com\/becobermueller\/","article_modified_time":"2024-10-22T11:13:54+00:00","og_image":[{"width":437,"height":433,"url":"https:\/\/www.beco-bermueller.de\/wp-content\/uploads\/2024\/05\/beco_icon_telefon.png","type":"image\/png"}],"twitter_card":"summary_large_image","schema":{"@context":"https:\/\/schema.org","@graph":[{"@type":"WebPage","@id":"https:\/\/www.beco-bermueller.de\/de\/kontakt\/kontaktformular\/","url":"https:\/\/www.beco-bermueller.de\/de\/kontakt\/kontaktformular\/","name":"Kontaktformular - BECO BERM\u00dcLLER","isPartOf":{"@id":"http:\/\/www.beco-bermueller.de\/en\/#website"},"primaryImageOfPage":{"@id":"https:\/\/www.beco-bermueller.de\/de\/kontakt\/kontaktformular\/#primaryimage"},"image":{"@id":"https:\/\/www.beco-bermueller.de\/de\/kontakt\/kontaktformular\/#primaryimage"},"thumbnailUrl":"https:\/\/www.beco-bermueller.de\/wp-content\/uploads\/2024\/05\/beco_icon_telefon-300x297.png","datePublished":"2024-08-26T14:30:32+00:00","dateModified":"2024-10-22T11:13:54+00:00","description":"Wir finden f\u00fcr Sie die passende L\u00f6sung! Geokunststoffe, Fallschutzbel\u00e4ge, Sportplatzbaustoffe, Kunstrasen und mehr | BECO BERM\u00dcLLER","breadcrumb":{"@id":"https:\/\/www.beco-bermueller.de\/de\/kontakt\/kontaktformular\/#breadcrumb"},"inLanguage":"de-AT","potentialAction":[{"@type":"ReadAction","target":["https:\/\/www.beco-bermueller.de\/de\/kontakt\/kontaktformular\/"]}]},{"@type":"ImageObject","inLanguage":"de-AT","@id":"https:\/\/www.beco-bermueller.de\/de\/kontakt\/kontaktformular\/#primaryimage","url":"https:\/\/www.beco-bermueller.de\/wp-content\/uploads\/2024\/05\/beco_icon_telefon-300x297.png","contentUrl":"https:\/\/www.beco-bermueller.de\/wp-content\/uploads\/2024\/05\/beco_icon_telefon-300x297.png"},{"@type":"BreadcrumbList","@id":"https:\/\/www.beco-bermueller.de\/de\/kontakt\/kontaktformular\/#breadcrumb","itemListElement":[{"@type":"ListItem","position":1,"name":"Startseite","item":"https:\/\/www.beco-bermueller.de\/de\/"},{"@type":"ListItem","position":2,"name":"Kontakt","item":"https:\/\/www.beco-bermueller.de\/de\/kontakt\/"},{"@type":"ListItem","position":3,"name":"Kontaktformular"}]},{"@type":"WebSite","@id":"http:\/\/www.beco-bermueller.de\/en\/#website","url":"http:\/\/www.beco-bermueller.de\/en\/","name":"Beco Berm\u00fcller","description":"","publisher":{"@id":"http:\/\/www.beco-bermueller.de\/en\/#organization"},"potentialAction":[{"@type":"SearchAction","target":{"@type":"EntryPoint","urlTemplate":"http:\/\/www.beco-bermueller.de\/en\/?s={search_term_string}"},"query-input":{"@type":"PropertyValueSpecification","valueRequired":true,"valueName":"search_term_string"}}],"inLanguage":"de-AT"},{"@type":"Organization","@id":"http:\/\/www.beco-bermueller.de\/en\/#organization","name":"Beco Berm\u00fcller","url":"http:\/\/www.beco-bermueller.de\/en\/","logo":{"@type":"ImageObject","inLanguage":"de-AT","@id":"http:\/\/www.beco-bermueller.de\/en\/#\/schema\/logo\/image\/","url":"https:\/\/www.beco-bermueller.de\/wp-content\/uploads\/2024\/04\/BECO_BERMUELLER_Logo_RGB.svg","contentUrl":"https:\/\/www.beco-bermueller.de\/wp-content\/uploads\/2024\/04\/BECO_BERMUELLER_Logo_RGB.svg","width":"1024","height":"1024","caption":"Beco Berm\u00fcller"},"image":{"@id":"http:\/\/www.beco-bermueller.de\/en\/#\/schema\/logo\/image\/"},"sameAs":["https:\/\/www.facebook.com\/becobermueller\/","https:\/\/www.instagram.com\/beco_bermueller\/"]}]}},"_links":{"self":[{"href":"https:\/\/www.beco-bermueller.de\/at\/wp-json\/wp\/v2\/pages\/3937","targetHints":{"allow":["GET"]}}],"collection":[{"href":"https:\/\/www.beco-bermueller.de\/at\/wp-json\/wp\/v2\/pages"}],"about":[{"href":"https:\/\/www.beco-bermueller.de\/at\/wp-json\/wp\/v2\/types\/page"}],"author":[{"embeddable":true,"href":"https:\/\/www.beco-bermueller.de\/at\/wp-json\/wp\/v2\/users\/1"}],"replies":[{"embeddable":true,"href":"https:\/\/www.beco-bermueller.de\/at\/wp-json\/wp\/v2\/comments?post=3937"}],"version-history":[{"count":4,"href":"https:\/\/www.beco-bermueller.de\/at\/wp-json\/wp\/v2\/pages\/3937\/revisions"}],"predecessor-version":[{"id":7072,"href":"https:\/\/www.beco-bermueller.de\/at\/wp-json\/wp\/v2\/pages\/3937\/revisions\/7072"}],"up":[{"embeddable":true,"href":"https:\/\/www.beco-bermueller.de\/at\/wp-json\/wp\/v2\/pages\/3462"}],"wp:attachment":[{"href":"https:\/\/www.beco-bermueller.de\/at\/wp-json\/wp\/v2\/media?parent=3937"}],"wp:term":[{"taxonomy":"category","embeddable":true,"href":"https:\/\/www.beco-bermueller.de\/at\/wp-json\/wp\/v2\/categories?post=3937"},{"taxonomy":"post_tag","embeddable":true,"href":"https:\/\/www.beco-bermueller.de\/at\/wp-json\/wp\/v2\/tags?post=3937"}],"curies":[{"name":"wp","href":"https:\/\/api.w.org\/{rel}","templated":true}]}}