{"id":3232,"date":"2024-08-15T18:34:56","date_gmt":"2024-08-15T16:34:56","guid":{"rendered":"https:\/\/www.beco-bermueller.de\/?page_id=3232"},"modified":"2024-10-09T11:54:33","modified_gmt":"2024-10-09T09:54:33","slug":"tennisplatzausstattung","status":"publish","type":"page","link":"https:\/\/www.beco-bermueller.de\/de\/produkte\/sportplatzbaustoffe\/tennisplatzausstattung\/","title":{"rendered":"Tennisplatzausstattung"},"content":{"rendered":"\n[et_pb_section fb_built=&#8220;1&#8243; custom_padding_last_edited=&#8220;off|desktop&#8220; admin_label=&#8220;section&#8220; _builder_version=&#8220;4.24.3&#8243; custom_padding=&#8220;0px||0px||false|false&#8220; custom_padding_phone=&#8220;0px||20px||false|false&#8220; global_colors_info=&#8220;{}&#8220;][et_pb_row column_structure=&#8220;1_2,1_2&#8243; custom_padding_last_edited=&#8220;on|phone&#8220; _builder_version=&#8220;4.24.3&#8243; _module_preset=&#8220;default&#8220; width=&#8220;100%&#8220; max_width=&#8220;1440px&#8220; custom_padding=&#8220;|60px||60px|false|false&#8220; custom_padding_tablet=&#8220;|60px||60px|false|false&#8220; custom_padding_phone=&#8220;|30px||30px|false|false&#8220; global_colors_info=&#8220;{}&#8220;][et_pb_column type=&#8220;1_2&#8243; _builder_version=&#8220;4.24.3&#8243; _module_preset=&#8220;default&#8220; global_colors_info=&#8220;{}&#8220;][et_pb_heading title=&#8220;Tennisplatzausstattung&#8220; _builder_version=&#8220;4.24.3&#8243; _module_preset=&#8220;default&#8220; title_font=&#8220;Simplon Light||||||||&#8220; title_font_size=&#8220;60px&#8220; title_letter_spacing=&#8220;0.3px&#8220; title_line_height=&#8220;1.1em&#8220; custom_margin=&#8220;||30px||false|false&#8220; title_font_size_tablet=&#8220;60px&#8220; title_font_size_phone=&#8220;40px&#8220; title_font_size_last_edited=&#8220;on|phone&#8220; title_line_height_tablet=&#8220;1.1em&#8220; title_line_height_phone=&#8220;1.1em&#8220; title_line_height_last_edited=&#8220;on|phone&#8220; global_colors_info=&#8220;{}&#8220;][\/et_pb_heading][et_pb_text _builder_version=&#8220;4.24.3&#8243; _module_preset=&#8220;default&#8220; text_text_color=&#8220;#2B2B2A&#8220; text_font_size=&#8220;17px&#8220; text_letter_spacing=&#8220;0.3px&#8220; global_colors_info=&#8220;{}&#8220;]<p><span>\u00dcberzeugend in Vielfalt, Qualit\u00e4t und Design sind wir mit unserer Marke <\/span><strong>LOB Sport<\/strong><span>\u00a0seit \u00fcber 30 Jahren f\u00fchrend in der Ausstattung von Tennisanlagen.<\/span><br \/><span>Unsere breite Produktpalette umfasst alles was der Tennisplatz begehrt: Tennislinien, Tennisnetze und -pfosten, B\u00e4nke, Spielstandsanzeiger, Sichtblenden und vieles mehr.<\/span><\/p>\n<p><span>Neben dem umfangreichen Produktsortiment bietet\u00a0<\/span><strong>LOB Sport<\/strong><span>\u00a0professionelle Beratung und einen kundenfreundlichen Service von der Bestellung bis zur Reparatur.<\/span><\/p>[\/et_pb_text][\/et_pb_column][et_pb_column type=&#8220;1_2&#8243; _builder_version=&#8220;4.24.3&#8243; _module_preset=&#8220;default&#8220; custom_padding=&#8220;||||false|false&#8220; global_colors_info=&#8220;{}&#8220;][et_pb_image src=&#8220;https:\/\/www.beco-bermueller.de\/wp-content\/uploads\/2024\/08\/Tennisplatzausstattung-1.webp&#8220; alt=&#8220;Tennisplatzausstattung&#8220; title_text=&#8220;Tennisplatzausstattung&#8220; module_class=&#8220;gruener-bildstreifen&#8220; _builder_version=&#8220;4.24.3&#8243; _module_preset=&#8220;default&#8220; max_height_tablet=&#8220;&#8220; max_height_phone=&#8220;&#8220; max_height_last_edited=&#8220;on|tablet&#8220; custom_margin=&#8220;||||false|false&#8220; custom_margin_tablet=&#8220;||||false|false&#8220; custom_margin_phone=&#8220;|-30px||-30px|false|false&#8220; custom_margin_last_edited=&#8220;on|phone&#8220; custom_padding=&#8220;0px|0px|0px|0px|false|false&#8220; global_colors_info=&#8220;{}&#8220;][\/et_pb_image][\/et_pb_column][\/et_pb_row][\/et_pb_section][et_pb_section fb_built=&#8220;1&#8243; custom_padding_last_edited=&#8220;off|tablet&#8220; admin_label=&#8220;section&#8220; _builder_version=&#8220;4.24.3&#8243; background_enable_color=&#8220;off&#8220; custom_margin=&#8220;||||false|false&#8220; custom_padding=&#8220;10px||10px||false|false&#8220; custom_padding_tablet=&#8220;20px||0px||false|false&#8220; custom_padding_phone=&#8220;0px||0px||false|false&#8220; global_colors_info=&#8220;{}&#8220;][et_pb_row custom_padding_last_edited=&#8220;on|tablet&#8220; _builder_version=&#8220;4.24.3&#8243; _module_preset=&#8220;default&#8220; width=&#8220;100%&#8220; max_width=&#8220;1440px&#8220; custom_padding=&#8220;0px|60px|0px|60px|false|true&#8220; custom_padding_tablet=&#8220;0px|60px||60px|false|true&#8220; custom_padding_phone=&#8220;|30px||30px|false|true&#8220; global_colors_info=&#8220;{}&#8220;][et_pb_column type=&#8220;4_4&#8243; _builder_version=&#8220;4.24.3&#8243; _module_preset=&#8220;default&#8220; global_colors_info=&#8220;{}&#8220;][lwp_divi_breadcrumbs home_text=&#8220;Startseite&#8220; font_icon=&#8220;&#x35;||divi||400&#8243; use_before_icon=&#8220;off&#8220; use_custom_home_link=&#8220;off&#8220; link_color=&#8220;#2B2B2A&#8220; separator_color=&#8220;#2B2B2A&#8220; current_text_color=&#8220;#00A286&#8243; _builder_version=&#8220;4.24.3&#8243; _module_preset=&#8220;default&#8220; module_font=&#8220;Simplon Regular|||on|||||&#8220; module_text_color=&#8220;#2B2B2A&#8220; module_font_size=&#8220;17px&#8220; module_letter_spacing=&#8220;0.3px&#8220; module_text_color_last_edited=&#8220;off|desktop&#8220; global_colors_info=&#8220;{}&#8220; module_text_color__hover_enabled=&#8220;off|desktop&#8220; module_text_color__hover=&#8220;#00A286&#8243; link_color__hover_enabled=&#8220;on|desktop&#8220; link_color__hover=&#8220;#00A286&#8243;][\/lwp_divi_breadcrumbs][\/et_pb_column][\/et_pb_row][\/et_pb_section][et_pb_section fb_built=&#8220;1&#8243; custom_padding_last_edited=&#8220;on|phone&#8220; admin_label=&#8220;section&#8220; _builder_version=&#8220;4.24.3&#8243; background_enable_color=&#8220;off&#8220; custom_margin=&#8220;||||false|false&#8220; custom_padding=&#8220;20px||||false|false&#8220; custom_padding_tablet=&#8220;20px||0px||false|false&#8220; custom_padding_phone=&#8220;0px||0px||false|false&#8220; global_colors_info=&#8220;{}&#8220;][et_pb_row custom_padding_last_edited=&#8220;on|tablet&#8220; _builder_version=&#8220;4.24.3&#8243; _module_preset=&#8220;default&#8220; width=&#8220;100%&#8220; max_width=&#8220;1440px&#8220; custom_margin=&#8220;||||false|false&#8220; custom_padding=&#8220;|60px||60px|false|true&#8220; custom_padding_tablet=&#8220;|60px|0px|60px|false|true&#8220; custom_padding_phone=&#8220;|30px|0px|30px|false|true&#8220; global_colors_info=&#8220;{}&#8220;][et_pb_column type=&#8220;4_4&#8243; _builder_version=&#8220;4.24.3&#8243; _module_preset=&#8220;default&#8220; custom_padding=&#8220;||||false|false&#8220; global_colors_info=&#8220;{}&#8220;][et_pb_heading title=&#8220;Alle Produkte im Bereich Tennisplatzausstattung&#8220; _builder_version=&#8220;4.24.3&#8243; _module_preset=&#8220;default&#8220; title_level=&#8220;h2&#8243; title_font=&#8220;Simplon Light||||||||&#8220; title_text_color=&#8220;#00a286&#8243; title_font_size=&#8220;40px&#8220; title_letter_spacing=&#8220;0.3px&#8220; title_line_height=&#8220;1.5em&#8220; custom_margin=&#8220;||0px||false|false&#8220; custom_padding=&#8220;||0px||false|false&#8220; title_font_size_tablet=&#8220;40px&#8220; title_font_size_phone=&#8220;30px&#8220; title_font_size_last_edited=&#8220;on|phone&#8220; global_colors_info=&#8220;{}&#8220;][\/et_pb_heading][\/et_pb_column][\/et_pb_row][et_pb_row custom_padding_last_edited=&#8220;on|phone&#8220; _builder_version=&#8220;4.24.3&#8243; _module_preset=&#8220;default&#8220; width=&#8220;100%&#8220; max_width=&#8220;1440px&#8220; custom_padding=&#8220;0px|60px||60px|false|true&#8220; custom_padding_tablet=&#8220;30px|60px||60px|false|true&#8220; custom_padding_phone=&#8220;|30px||30px|false|true&#8220; global_colors_info=&#8220;{}&#8220;][et_pb_column type=&#8220;4_4&#8243; _builder_version=&#8220;4.24.3&#8243; _module_preset=&#8220;default&#8220; global_colors_info=&#8220;{}&#8220;][et_pb_text _builder_version=&#8220;4.24.3&#8243; _module_preset=&#8220;default&#8220; global_colors_info=&#8220;{}&#8220;]<div class=\"custom-pages\"><div class=\"custom-page\"><a href=\"https:\/\/www.beco-bermueller.de\/de\/produkte\/sportplatzbaustoffe\/tennisplatzausstattung\/lob-sport\/\" class=\"custom-page-link\" aria-label=\"Seite \u00f6ffnen: LOB Sport\"><\/a><div class=\"custom-page-thumbnail\"><img loading=\"lazy\" decoding=\"async\" width=\"1024\" height=\"684\" src=\"https:\/\/www.beco-bermueller.de\/wp-content\/uploads\/2024\/08\/LOB-Sport-1-1024x684.webp\" class=\"attachment-large size-large wp-post-image\" alt=\"LOB Sport\" srcset=\"https:\/\/www.beco-bermueller.de\/wp-content\/uploads\/2024\/08\/LOB-Sport-1-1024x684.webp 1024w, https:\/\/www.beco-bermueller.de\/wp-content\/uploads\/2024\/08\/LOB-Sport-1-300x200.webp 300w, https:\/\/www.beco-bermueller.de\/wp-content\/uploads\/2024\/08\/LOB-Sport-1-768x513.webp 768w, https:\/\/www.beco-bermueller.de\/wp-content\/uploads\/2024\/08\/LOB-Sport-1-1536x1026.webp 1536w, https:\/\/www.beco-bermueller.de\/wp-content\/uploads\/2024\/08\/LOB-Sport-1-18x12.webp 18w, https:\/\/www.beco-bermueller.de\/wp-content\/uploads\/2024\/08\/LOB-Sport-1-1080x721.webp 1080w, https:\/\/www.beco-bermueller.de\/wp-content\/uploads\/2024\/08\/LOB-Sport-1-1280x855.webp 1280w, https:\/\/www.beco-bermueller.de\/wp-content\/uploads\/2024\/08\/LOB-Sport-1-980x655.webp 980w, https:\/\/www.beco-bermueller.de\/wp-content\/uploads\/2024\/08\/LOB-Sport-1-480x321.webp 480w, https:\/\/www.beco-bermueller.de\/wp-content\/uploads\/2024\/08\/LOB-Sport-1-jpg.webp 2000w\" sizes=\"(max-width: 1024px) 100vw, 1024px\" \/><\/div><div class=\"custom-page-content\"><div class=\"custom-page-category\">Tennisplatzausstattung<\/div><div class=\"custom-page-title\">LOB Sport<\/div><div class=\"custom-page-excerpt\">LOB Sport ist ihr kompetenter Ansprechpartner, wenn es um erstklassige Tennisplatzaustattung und modernes Equipment f\u00fcr den Tennisverein geht.<\/div><\/div><\/div><\/div>[\/et_pb_text][\/et_pb_column][\/et_pb_row][\/et_pb_section]\n","protected":false},"excerpt":{"rendered":"","protected":false},"author":1,"featured_media":3158,"parent":3038,"menu_order":0,"comment_status":"closed","ping_status":"closed","template":"","meta":{"_et_pb_use_builder":"on","_et_pb_old_content":"","_et_gb_content_width":"","inline_featured_image":false,"footnotes":""},"categories":[48],"tags":[],"class_list":["post-3232","page","type-page","status-publish","has-post-thumbnail","hentry","category-sportplatzbaustoffe"],"yoast_head":"<!-- This site is optimized with the Yoast SEO plugin v27.2 - https:\/\/yoast.com\/product\/yoast-seo-wordpress\/ -->\n<title>Tennisplatzausstattung - BECO BERM\u00dcLLER<\/title>\n<meta name=\"description\" content=\"\u00dcberzeugend in Vielfalt, Qualit\u00e4t und Design sind wir mit unserer Marke LOB Sport seit \u00fcber 40 Jahren f\u00fchrend in der Tennisanlagenausstattung\" \/>\n<meta name=\"robots\" content=\"index, follow, max-snippet:-1, max-image-preview:large, max-video-preview:-1\" \/>\n<link rel=\"canonical\" href=\"https:\/\/www.beco-bermueller.de\/de\/produkte\/sportplatzbaustoffe\/tennisplatzausstattung\/\" \/>\n<meta property=\"og:locale\" content=\"de_DE\" \/>\n<meta property=\"og:type\" content=\"article\" \/>\n<meta property=\"og:title\" content=\"Tennisplatzausstattung - BECO BERM\u00dcLLER\" \/>\n<meta property=\"og:description\" content=\"\u00dcberzeugend in Vielfalt, Qualit\u00e4t und Design sind wir mit unserer Marke LOB Sport seit \u00fcber 40 Jahren f\u00fchrend in der Tennisanlagenausstattung\" \/>\n<meta property=\"og:url\" content=\"https:\/\/www.beco-bermueller.de\/de\/produkte\/sportplatzbaustoffe\/tennisplatzausstattung\/\" \/>\n<meta property=\"og:site_name\" content=\"BECO BERM\u00dcLLER\" \/>\n<meta property=\"article:publisher\" content=\"https:\/\/www.facebook.com\/becobermueller\/\" \/>\n<meta property=\"article:modified_time\" content=\"2024-10-09T09:54:33+00:00\" \/>\n<meta property=\"og:image\" content=\"https:\/\/www.beco-bermueller.de\/wp-content\/uploads\/2024\/08\/Tennisplatzausstattung-1.webp\" \/>\n\t<meta property=\"og:image:width\" content=\"991\" \/>\n\t<meta property=\"og:image:height\" content=\"661\" \/>\n\t<meta property=\"og:image:type\" content=\"image\/webp\" \/>\n<meta name=\"twitter:card\" content=\"summary_large_image\" \/>\n<meta name=\"twitter:label1\" content=\"Gesch\u00e4tzte Lesezeit\" \/>\n\t<meta name=\"twitter:data1\" content=\"2\u00a0Minuten\" \/>\n<script type=\"application\/ld+json\" class=\"yoast-schema-graph\">{\"@context\":\"https:\/\/schema.org\",\"@graph\":[{\"@type\":\"WebPage\",\"@id\":\"https:\/\/www.beco-bermueller.de\/de\/produkte\/sportplatzbaustoffe\/tennisplatzausstattung\/\",\"url\":\"https:\/\/www.beco-bermueller.de\/de\/produkte\/sportplatzbaustoffe\/tennisplatzausstattung\/\",\"name\":\"Tennisplatzausstattung - BECO BERM\u00dcLLER\",\"isPartOf\":{\"@id\":\"http:\/\/www.beco-bermueller.de\/en\/#website\"},\"primaryImageOfPage\":{\"@id\":\"https:\/\/www.beco-bermueller.de\/de\/produkte\/sportplatzbaustoffe\/tennisplatzausstattung\/#primaryimage\"},\"image\":{\"@id\":\"https:\/\/www.beco-bermueller.de\/de\/produkte\/sportplatzbaustoffe\/tennisplatzausstattung\/#primaryimage\"},\"thumbnailUrl\":\"https:\/\/www.beco-bermueller.de\/wp-content\/uploads\/2024\/08\/Tennisplatzausstattung-1.webp\",\"datePublished\":\"2024-08-15T16:34:56+00:00\",\"dateModified\":\"2024-10-09T09:54:33+00:00\",\"description\":\"\u00dcberzeugend in Vielfalt, Qualit\u00e4t und Design sind wir mit unserer Marke LOB Sport seit \u00fcber 40 Jahren f\u00fchrend in der Tennisanlagenausstattung\",\"breadcrumb\":{\"@id\":\"https:\/\/www.beco-bermueller.de\/de\/produkte\/sportplatzbaustoffe\/tennisplatzausstattung\/#breadcrumb\"},\"inLanguage\":\"de\",\"potentialAction\":[{\"@type\":\"ReadAction\",\"target\":[\"https:\/\/www.beco-bermueller.de\/de\/produkte\/sportplatzbaustoffe\/tennisplatzausstattung\/\"]}]},{\"@type\":\"ImageObject\",\"inLanguage\":\"de\",\"@id\":\"https:\/\/www.beco-bermueller.de\/de\/produkte\/sportplatzbaustoffe\/tennisplatzausstattung\/#primaryimage\",\"url\":\"https:\/\/www.beco-bermueller.de\/wp-content\/uploads\/2024\/08\/Tennisplatzausstattung-1.webp\",\"contentUrl\":\"https:\/\/www.beco-bermueller.de\/wp-content\/uploads\/2024\/08\/Tennisplatzausstattung-1.webp\",\"width\":991,\"height\":661,\"caption\":\"Tennisplatzausstattung\"},{\"@type\":\"BreadcrumbList\",\"@id\":\"https:\/\/www.beco-bermueller.de\/de\/produkte\/sportplatzbaustoffe\/tennisplatzausstattung\/#breadcrumb\",\"itemListElement\":[{\"@type\":\"ListItem\",\"position\":1,\"name\":\"Startseite\",\"item\":\"https:\/\/www.beco-bermueller.de\/de\/\"},{\"@type\":\"ListItem\",\"position\":2,\"name\":\"Produkte\",\"item\":\"https:\/\/www.beco-bermueller.de\/de\/produkte\/\"},{\"@type\":\"ListItem\",\"position\":3,\"name\":\"Sportplatzbaustoffe\",\"item\":\"https:\/\/www.beco-bermueller.de\/de\/produkte\/sportplatzbaustoffe\/\"},{\"@type\":\"ListItem\",\"position\":4,\"name\":\"Tennisplatzausstattung\"}]},{\"@type\":\"WebSite\",\"@id\":\"http:\/\/www.beco-bermueller.de\/en\/#website\",\"url\":\"http:\/\/www.beco-bermueller.de\/en\/\",\"name\":\"Beco Berm\u00fcller\",\"description\":\"\",\"publisher\":{\"@id\":\"http:\/\/www.beco-bermueller.de\/en\/#organization\"},\"potentialAction\":[{\"@type\":\"SearchAction\",\"target\":{\"@type\":\"EntryPoint\",\"urlTemplate\":\"http:\/\/www.beco-bermueller.de\/en\/?s={search_term_string}\"},\"query-input\":{\"@type\":\"PropertyValueSpecification\",\"valueRequired\":true,\"valueName\":\"search_term_string\"}}],\"inLanguage\":\"de\"},{\"@type\":\"Organization\",\"@id\":\"http:\/\/www.beco-bermueller.de\/en\/#organization\",\"name\":\"Beco Berm\u00fcller\",\"url\":\"http:\/\/www.beco-bermueller.de\/en\/\",\"logo\":{\"@type\":\"ImageObject\",\"inLanguage\":\"de\",\"@id\":\"http:\/\/www.beco-bermueller.de\/en\/#\/schema\/logo\/image\/\",\"url\":\"https:\/\/www.beco-bermueller.de\/wp-content\/uploads\/2024\/04\/BECO_BERMUELLER_Logo_RGB.svg\",\"contentUrl\":\"https:\/\/www.beco-bermueller.de\/wp-content\/uploads\/2024\/04\/BECO_BERMUELLER_Logo_RGB.svg\",\"width\":\"1024\",\"height\":\"1024\",\"caption\":\"Beco Berm\u00fcller\"},\"image\":{\"@id\":\"http:\/\/www.beco-bermueller.de\/en\/#\/schema\/logo\/image\/\"},\"sameAs\":[\"https:\/\/www.facebook.com\/becobermueller\/\",\"https:\/\/www.instagram.com\/beco_bermueller\/\"]}]}<\/script>\n<!-- \/ Yoast SEO plugin. -->","yoast_head_json":{"title":"Tennisplatzausstattung - BECO BERM\u00dcLLER","description":"\u00dcberzeugend in Vielfalt, Qualit\u00e4t und Design sind wir mit unserer Marke LOB Sport seit \u00fcber 40 Jahren f\u00fchrend in der Tennisanlagenausstattung","robots":{"index":"index","follow":"follow","max-snippet":"max-snippet:-1","max-image-preview":"max-image-preview:large","max-video-preview":"max-video-preview:-1"},"canonical":"https:\/\/www.beco-bermueller.de\/de\/produkte\/sportplatzbaustoffe\/tennisplatzausstattung\/","og_locale":"de_DE","og_type":"article","og_title":"Tennisplatzausstattung - BECO BERM\u00dcLLER","og_description":"\u00dcberzeugend in Vielfalt, Qualit\u00e4t und Design sind wir mit unserer Marke LOB Sport seit \u00fcber 40 Jahren f\u00fchrend in der Tennisanlagenausstattung","og_url":"https:\/\/www.beco-bermueller.de\/de\/produkte\/sportplatzbaustoffe\/tennisplatzausstattung\/","og_site_name":"BECO BERM\u00dcLLER","article_publisher":"https:\/\/www.facebook.com\/becobermueller\/","article_modified_time":"2024-10-09T09:54:33+00:00","og_image":[{"width":991,"height":661,"url":"https:\/\/www.beco-bermueller.de\/wp-content\/uploads\/2024\/08\/Tennisplatzausstattung-1.webp","type":"image\/webp"}],"twitter_card":"summary_large_image","twitter_misc":{"Gesch\u00e4tzte Lesezeit":"2\u00a0Minuten"},"schema":{"@context":"https:\/\/schema.org","@graph":[{"@type":"WebPage","@id":"https:\/\/www.beco-bermueller.de\/de\/produkte\/sportplatzbaustoffe\/tennisplatzausstattung\/","url":"https:\/\/www.beco-bermueller.de\/de\/produkte\/sportplatzbaustoffe\/tennisplatzausstattung\/","name":"Tennisplatzausstattung - BECO BERM\u00dcLLER","isPartOf":{"@id":"http:\/\/www.beco-bermueller.de\/en\/#website"},"primaryImageOfPage":{"@id":"https:\/\/www.beco-bermueller.de\/de\/produkte\/sportplatzbaustoffe\/tennisplatzausstattung\/#primaryimage"},"image":{"@id":"https:\/\/www.beco-bermueller.de\/de\/produkte\/sportplatzbaustoffe\/tennisplatzausstattung\/#primaryimage"},"thumbnailUrl":"https:\/\/www.beco-bermueller.de\/wp-content\/uploads\/2024\/08\/Tennisplatzausstattung-1.webp","datePublished":"2024-08-15T16:34:56+00:00","dateModified":"2024-10-09T09:54:33+00:00","description":"\u00dcberzeugend in Vielfalt, Qualit\u00e4t und Design sind wir mit unserer Marke LOB Sport seit \u00fcber 40 Jahren f\u00fchrend in der Tennisanlagenausstattung","breadcrumb":{"@id":"https:\/\/www.beco-bermueller.de\/de\/produkte\/sportplatzbaustoffe\/tennisplatzausstattung\/#breadcrumb"},"inLanguage":"de","potentialAction":[{"@type":"ReadAction","target":["https:\/\/www.beco-bermueller.de\/de\/produkte\/sportplatzbaustoffe\/tennisplatzausstattung\/"]}]},{"@type":"ImageObject","inLanguage":"de","@id":"https:\/\/www.beco-bermueller.de\/de\/produkte\/sportplatzbaustoffe\/tennisplatzausstattung\/#primaryimage","url":"https:\/\/www.beco-bermueller.de\/wp-content\/uploads\/2024\/08\/Tennisplatzausstattung-1.webp","contentUrl":"https:\/\/www.beco-bermueller.de\/wp-content\/uploads\/2024\/08\/Tennisplatzausstattung-1.webp","width":991,"height":661,"caption":"Tennisplatzausstattung"},{"@type":"BreadcrumbList","@id":"https:\/\/www.beco-bermueller.de\/de\/produkte\/sportplatzbaustoffe\/tennisplatzausstattung\/#breadcrumb","itemListElement":[{"@type":"ListItem","position":1,"name":"Startseite","item":"https:\/\/www.beco-bermueller.de\/de\/"},{"@type":"ListItem","position":2,"name":"Produkte","item":"https:\/\/www.beco-bermueller.de\/de\/produkte\/"},{"@type":"ListItem","position":3,"name":"Sportplatzbaustoffe","item":"https:\/\/www.beco-bermueller.de\/de\/produkte\/sportplatzbaustoffe\/"},{"@type":"ListItem","position":4,"name":"Tennisplatzausstattung"}]},{"@type":"WebSite","@id":"http:\/\/www.beco-bermueller.de\/en\/#website","url":"http:\/\/www.beco-bermueller.de\/en\/","name":"Beco Berm\u00fcller","description":"","publisher":{"@id":"http:\/\/www.beco-bermueller.de\/en\/#organization"},"potentialAction":[{"@type":"SearchAction","target":{"@type":"EntryPoint","urlTemplate":"http:\/\/www.beco-bermueller.de\/en\/?s={search_term_string}"},"query-input":{"@type":"PropertyValueSpecification","valueRequired":true,"valueName":"search_term_string"}}],"inLanguage":"de"},{"@type":"Organization","@id":"http:\/\/www.beco-bermueller.de\/en\/#organization","name":"Beco Berm\u00fcller","url":"http:\/\/www.beco-bermueller.de\/en\/","logo":{"@type":"ImageObject","inLanguage":"de","@id":"http:\/\/www.beco-bermueller.de\/en\/#\/schema\/logo\/image\/","url":"https:\/\/www.beco-bermueller.de\/wp-content\/uploads\/2024\/04\/BECO_BERMUELLER_Logo_RGB.svg","contentUrl":"https:\/\/www.beco-bermueller.de\/wp-content\/uploads\/2024\/04\/BECO_BERMUELLER_Logo_RGB.svg","width":"1024","height":"1024","caption":"Beco Berm\u00fcller"},"image":{"@id":"http:\/\/www.beco-bermueller.de\/en\/#\/schema\/logo\/image\/"},"sameAs":["https:\/\/www.facebook.com\/becobermueller\/","https:\/\/www.instagram.com\/beco_bermueller\/"]}]}},"_links":{"self":[{"href":"https:\/\/www.beco-bermueller.de\/de\/wp-json\/wp\/v2\/pages\/3232","targetHints":{"allow":["GET"]}}],"collection":[{"href":"https:\/\/www.beco-bermueller.de\/de\/wp-json\/wp\/v2\/pages"}],"about":[{"href":"https:\/\/www.beco-bermueller.de\/de\/wp-json\/wp\/v2\/types\/page"}],"author":[{"embeddable":true,"href":"https:\/\/www.beco-bermueller.de\/de\/wp-json\/wp\/v2\/users\/1"}],"replies":[{"embeddable":true,"href":"https:\/\/www.beco-bermueller.de\/de\/wp-json\/wp\/v2\/comments?post=3232"}],"version-history":[{"count":0,"href":"https:\/\/www.beco-bermueller.de\/de\/wp-json\/wp\/v2\/pages\/3232\/revisions"}],"up":[{"embeddable":true,"href":"https:\/\/www.beco-bermueller.de\/de\/wp-json\/wp\/v2\/pages\/3038"}],"wp:featuredmedia":[{"embeddable":true,"href":"https:\/\/www.beco-bermueller.de\/de\/wp-json\/wp\/v2\/media\/3158"}],"wp:attachment":[{"href":"https:\/\/www.beco-bermueller.de\/de\/wp-json\/wp\/v2\/media?parent=3232"}],"wp:term":[{"taxonomy":"category","embeddable":true,"href":"https:\/\/www.beco-bermueller.de\/de\/wp-json\/wp\/v2\/categories?post=3232"},{"taxonomy":"post_tag","embeddable":true,"href":"https:\/\/www.beco-bermueller.de\/de\/wp-json\/wp\/v2\/tags?post=3232"}],"curies":[{"name":"wp","href":"https:\/\/api.w.org\/{rel}","templated":true}]}}